{"id":7873,"date":"2015-12-14T07:14:55","date_gmt":"2015-12-14T07:14:55","guid":{"rendered":"https:\/\/cadvegra.com\/sample-page-2\/"},"modified":"2022-09-21T15:52:10","modified_gmt":"2022-09-21T15:52:10","slug":"sample-page-2","status":"publish","type":"page","link":"https:\/\/cadvegra.com\/ro\/","title":{"rendered":"Acas\u0103"},"content":{"rendered":"<p>[vc_row full_width=&#8221;stretch_row&#8221; full_height=&#8221;yes&#8221; columns_placement=&#8221;top&#8221; content_placement=&#8221;top&#8221; parallax=&#8221;content-moving&#8221; css=&#8221;.vc_custom_1663774058767{background-color: #07716f !important;}&#8221;][vc_column css_animation=&#8221;fadeInLeft&#8221; width=&#8221;1\/2&#8243;][vc_row_inner][vc_column_inner][\/vc_column_inner][\/vc_row_inner][stm_spacing lg_spacing=&#8221;420&#8243; md_spacing=&#8221;280&#8243; sm_spacing=&#8221;240&#8243; xs_spacing=&#8221;200&#8243;][vc_custom_heading stripe_pos=&#8221;hide&#8221; stm_title_font_weight=&#8221;700&#8243; text=&#8221;Cu CAD, GIS, BIM \u00een ADN-ul nostru, transform\u0103m cele mai bune companii din lume prin puterea tehnologiei.&#8221; font_container=&#8221;tag:h1|font_size:52px|text_align:left|color:%23ffffff&#8221; use_theme_fonts=&#8221;yes&#8221;][vc_column_text]<span style=\"color: #ffffff; font-size: 18px;\">Suntem unul dintre cei mai importan\u021bi speciali\u0219ti din UE \u00een solu\u021bii CAD (Computer Aided Design), inginerie 3D, GIS (Geographic Information System) \u0219i CAFM (Computer Aided Facility Management), acoperind o gam\u0103 larg\u0103 de industrii, de la telecomunica\u021bii, petrol \u0219i gaze p\u00e2n\u0103 la electronic\u0103, agricultur\u0103, construc\u021bii sau arhitectur\u0103.<\/span>[\/vc_column_text][vc_text_separator title=&#8221;\u0218i prin \u201enoi\u201d, spunem:&#8221; color=&#8221;white&#8221;][vc_row_inner][vc_column_inner width=&#8221;1\/3&#8243;][stm_stats_counter stat_counter_style=&#8221;style_2&#8243; counter_value=&#8221;50&#8243; counter_value_pre=&#8221;+&#8221; duration=&#8221;1.5&#8243; description=&#8221;exper\u021bi<br \/>\n\u00een inginerie&#8221;][\/vc_column_inner][vc_column_inner width=&#8221;1\/3&#8243;][stm_stats_counter stat_counter_style=&#8221;style_2&#8243; counter_value=&#8221;26&#8243; duration=&#8221;1.5&#8243; description=&#8221;de ani<br \/>\nde experien\u021b\u0103&#8221;][\/vc_column_inner][vc_column_inner width=&#8221;1\/3&#8243;][stm_stats_counter stat_counter_style=&#8221;style_2&#8243; counter_value=&#8221;1&#8243; counter_value_pre=&#8221;$&#8221; counter_value_suf=&#8221;MLD&#8221; duration=&#8221;1.5&#8243; description=&#8221;valoare<br \/>\ncreat\u0103&#8221;][\/vc_column_inner][\/vc_row_inner][vc_row_inner][vc_column_inner][stm_spacing lg_spacing=&#8221;55&#8243; md_spacing=&#8221;25&#8243; sm_spacing=&#8221;25&#8243; xs_spacing=&#8221;15&#8243;][vc_separator color=&#8221;custom&#8221; accent_color=&#8221;#ededed&#8221;][vc_btn title=&#8221;Afl\u0103 mai multe&#8221; style=&#8221;flat&#8221; color=&#8221;theme_style_4&#8243; size=&#8221;lg&#8221; i_align=&#8221;right&#8221; i_icon_fontawesome=&#8221;stm-right-arrow&#8221; add_icon=&#8221;true&#8221; link=&#8221;url:%23MORE&#8221;][stm_spacing lg_spacing=&#8221;160&#8243; md_spacing=&#8221;160&#8243; sm_spacing=&#8221;160&#8243; xs_spacing=&#8221;160&#8243;][\/vc_column_inner][\/vc_row_inner][\/vc_column][vc_column stretch=&#8221;right&#8221; css_animation=&#8221;fadeInRight&#8221; width=&#8221;1\/2&#8243; css=&#8221;.vc_custom_1624577220296{background-image: url(https:\/\/cadvegra.com\/wp-content\/uploads\/2021\/06\/head_hp.fw_-7.png?id=7770) !important;background-position: center !important;background-repeat: no-repeat !important;background-size: contain !important;}&#8221;][stm_spacing lg_spacing=&#8221;890px&#8221; md_spacing=&#8221;690px&#8221; sm_spacing=&#8221;0&#8243; xs_spacing=&#8221;0&#8243;][\/vc_column][\/vc_row][vc_row full_width=&#8221;stretch_row&#8221; css_animation=&#8221;none&#8221; el_id=&#8221;MORE&#8221;][vc_column][stm_spacing lg_spacing=&#8221;92&#8243; md_spacing=&#8221;70&#8243; sm_spacing=&#8221;60&#8243; xs_spacing=&#8221;50&#8243;][vc_row_inner content_placement=&#8221;middle&#8221;][vc_column_inner offset=&#8221;vc_col-lg-12 vc_col-md-12&#8243;][vc_custom_heading stripe_pos=&#8221;hide&#8221; text=&#8221;Livr\u0103m CAD, GIS, BIM, CAFM pentru sectoare-cheie&#8221; font_container=&#8221;tag:h2|text_align:center&#8221; use_theme_fonts=&#8221;yes&#8221; el_class=&#8221;hide_indents mobile_align_center&#8221; subtitle=&#8221;Suntem un partener strategic pentru sute de clien\u021bi globali \u00een gestionarea proiectelor complexe specifice industriei, cu impact asupra cifrei de afaceri.&#8221;][\/vc_column_inner][\/vc_row_inner][stm_spacing lg_spacing=&#8221;90&#8243; md_spacing=&#8221;80&#8243; sm_spacing=&#8221;60&#8243; xs_spacing=&#8221;50&#8243;][vc_row_inner][vc_column_inner width=&#8221;1\/5&#8243;][vc_custom_heading icon=&#8221;fas fa-building&#8221; icon_pos=&#8221;top&#8221; text=&#8221;Real Estate&#8221; font_container=&#8221;tag:h4|text_align:center&#8221; use_theme_fonts=&#8221;yes&#8221; el_class=&#8221;hide_indents mobile_align_center&#8221;][vc_empty_space height=&#8221;20px&#8221;][\/vc_column_inner][vc_column_inner width=&#8221;1\/5&#8243;][vc_custom_heading icon=&#8221;fas fa-hard-hat&#8221; icon_pos=&#8221;top&#8221; text=&#8221;Construc\u021bii&#8221; font_container=&#8221;tag:h4|text_align:center&#8221; use_theme_fonts=&#8221;yes&#8221; el_class=&#8221;hide_indents mobile_align_center&#8221;][vc_empty_space height=&#8221;20px&#8221;][\/vc_column_inner][vc_column_inner width=&#8221;1\/5&#8243;][vc_custom_heading icon=&#8221;fas fa-briefcase&#8221; icon_pos=&#8221;top&#8221; text=&#8221;Facility &amp; Property&#8221; font_container=&#8221;tag:h4|text_align:center&#8221; use_theme_fonts=&#8221;yes&#8221; el_class=&#8221;hide_indents mobile_align_center&#8221;][vc_empty_space height=&#8221;20px&#8221;][\/vc_column_inner][vc_column_inner width=&#8221;1\/5&#8243;][vc_custom_heading icon=&#8221;fas fa-broadcast-tower&#8221; icon_pos=&#8221;top&#8221; text=&#8221;Telecomunica\u021bii&#8221; font_container=&#8221;tag:h4|text_align:center&#8221; use_theme_fonts=&#8221;yes&#8221; el_class=&#8221;hide_indents mobile_align_center&#8221;][vc_empty_space height=&#8221;20px&#8221;][\/vc_column_inner][vc_column_inner width=&#8221;1\/5&#8243;][vc_custom_heading icon=&#8221;fas fa-burn&#8221; icon_pos=&#8221;top&#8221; text=&#8221;Energie&#8221; font_container=&#8221;tag:h4|text_align:center&#8221; use_theme_fonts=&#8221;yes&#8221; el_class=&#8221;hide_indents mobile_align_center&#8221;][vc_empty_space height=&#8221;20px&#8221;][\/vc_column_inner][\/vc_row_inner][stm_spacing lg_spacing=&#8221;90&#8243; md_spacing=&#8221;80&#8243; sm_spacing=&#8221;60&#8243; xs_spacing=&#8221;50&#8243;][\/vc_column][\/vc_row][vc_row full_width=&#8221;stretch_row&#8221; css=&#8221;.vc_custom_1565090266415{background-color: #f3f3f3 !important;}&#8221;][vc_column][stm_spacing lg_spacing=&#8221;74&#8243; md_spacing=&#8221;65&#8243; sm_spacing=&#8221;60&#8243; xs_spacing=&#8221;50&#8243;][vc_custom_heading text=&#8221;F\u0103 echip\u0103 cu noi la urm\u0103torul t\u0103u proiect!&#8221; font_container=&#8221;tag:h2|text_align:center&#8221; use_theme_fonts=&#8221;yes&#8221; el_class=&#8221;hide_indents mobile_align_center&#8221;][stm_spacing lg_spacing=&#8221;50&#8243; md_spacing=&#8221;40&#8243; sm_spacing=&#8221;35&#8243; xs_spacing=&#8221;30&#8243;][stm_services posts_per_page=&#8221;2&#8243; posts_per_row=&#8221;2&#8243; category=&#8221;main&#8221; img_size=&#8221;350&#215;230&#8243; style=&#8221;style_9&#8243;][stm_spacing lg_spacing=&#8221;70&#8243; md_spacing=&#8221;60&#8243; sm_spacing=&#8221;50&#8243; xs_spacing=&#8221;40&#8243;][\/vc_column][\/vc_row][vc_row full_width=&#8221;stretch_row&#8221; css=&#8221;.vc_custom_1623048072796{background-color: #077171 !important;}&#8221;][vc_column][stm_spacing lg_spacing=&#8221;29&#8243; md_spacing=&#8221;25&#8243; sm_spacing=&#8221;20&#8243; xs_spacing=&#8221;20&#8243;][vc_cta h2=&#8221;&#8221; h2_font_container=&#8221;tag:h2|font_size:28px|text_align:left|color:%23ffffff|line_height:34px&#8221; h2_use_theme_fonts=&#8221;yes&#8221; h4_font_container=&#8221;tag:h2|font_size:28px|text_align:left|color:%23ffffff|line_height:34px&#8221; h4_google_fonts=&#8221;font_family:Montserrat%3Aregular%2C700|font_style:700%20bold%20regular%3A700%3Anormal&#8221; shape=&#8221;square&#8221; style=&#8221;flat&#8221; add_button=&#8221;right&#8221; btn_title=&#8221;Ob\u021bine o cota\u021bie&#8221; btn_style=&#8221;flat&#8221; btn_color=&#8221;theme_style_4&#8243; btn_size=&#8221;lg&#8221; btn_i_align=&#8221;right&#8221; btn_i_icon_fontawesome=&#8221;stm-location&#8221; use_custom_fonts_h2=&#8221;true&#8221; use_custom_fonts_h4=&#8221;true&#8221; btn_add_icon=&#8221;true&#8221; css=&#8221;.vc_custom_1632502282999{background-color: #077171 !important;}&#8221; btn_link=&#8221;url:%2Fcontact%2F&#8221;]<\/p>\n<h4><span style=\"color: #ffffff;\"><strong>Livr\u0103m solu\u021bii inteligente \u00een termene-limit\u0103 exigente, cu o precizie de 100% \u00een \u00eendeplinirea specifica\u021biilor predefinite \u0219i factur\u0103m semnificativ sub pre\u021burile pie\u021bei.<\/strong><\/span><\/h4>\n<p>[\/vc_cta][stm_spacing lg_spacing=&#8221;17&#8243; md_spacing=&#8221;10&#8243; sm_spacing=&#8221;5&#8243; xs_spacing=&#8221;5&#8243;][\/vc_column][\/vc_row][vc_section][vc_row][vc_column stretch=&#8221;left&#8221; width=&#8221;1\/4&#8243; css=&#8221;.vc_custom_1623948519707{background-image: url(https:\/\/cadvegra.com\/wp-content\/uploads\/2021\/06\/img-1.jpg?id=7126) !important;background-position: center !important;background-repeat: no-repeat !important;background-size: contain !important;}&#8221; el_class=&#8221;bg-left&#8221;][stm_spacing lg_spacing=&#8221;890px&#8221; md_spacing=&#8221;690px&#8221; sm_spacing=&#8221;0&#8243; xs_spacing=&#8221;0&#8243;][\/vc_column][vc_column width=&#8221;3\/4&#8243;][vc_row_inner][vc_column_inner][stm_spacing lg_spacing=&#8221;106&#8243; md_spacing=&#8221;70&#8243; sm_spacing=&#8221;60&#8243; xs_spacing=&#8221;50&#8243;][vc_custom_heading stripe_pos=&#8221;hide&#8221; text=&#8221;Aceasta este re\u021beta noastr\u0103 pentru succes.&#8221; font_container=&#8221;tag:h2|font_size:40px|text_align:left|line_height:36px&#8221; use_theme_fonts=&#8221;yes&#8221;][stm_spacing lg_spacing=&#8221;45&#8243; md_spacing=&#8221;70&#8243; sm_spacing=&#8221;60&#8243; xs_spacing=&#8221;50&#8243;][\/vc_column_inner][\/vc_row_inner][vc_row_inner][vc_column_inner width=&#8221;1\/3&#8243;][stm_icon_box box_style=&#8221;style_4&#8243; icon=&#8221;fas fa-handshake&#8221; icon_size=&#8221;23&#8243; icon_color=&#8221;custom&#8221; title=&#8221;Abordare colaborativ\u0103&#8221; icon_color_custom=&#8221;#07716f&#8221;]\u00cen\u021belegem c\u0103 pentru fiecare proiect este necesar\u0103 o abordare diferit\u0103 \u0219i c\u0103 trebuie s\u0103 punem pe mas\u0103 un nou set de abilit\u0103\u021bi \u0219i noi tehnologii. A comunica pentru a \u00een\u021belege mai bine cerin\u021bele tale este prioritatea noastr\u0103 num\u0103rul unu.[\/stm_icon_box][vc_empty_space height=&#8221;25px&#8221;][\/vc_column_inner][vc_column_inner width=&#8221;1\/3&#8243;][stm_icon_box box_style=&#8221;style_4&#8243; icon=&#8221;stm-target&#8221; icon_size=&#8221;23&#8243; icon_color=&#8221;custom&#8221; title=&#8221;Orientare c\u0103tre solu\u021bie&#8221; icon_color_custom=&#8221;#07716f&#8221;]Echipe calificate \u0219i cu mul\u021bi ani de experien\u021b\u0103 \u00een spate lucreaz\u0103 proactiv pentru a identifica poten\u021bialele probleme \u0219i conflicte \u00eenc\u0103 de la \u00eenceputul proiectului, economisind astfel timp \u0219i bani. Facem echip\u0103 cu clien\u021bii no\u0219tri pentru a \u00een\u021belege obiectivul \u0219i cerin\u021bele proiectului.[\/stm_icon_box][vc_empty_space height=&#8221;25px&#8221;][\/vc_column_inner][vc_column_inner width=&#8221;1\/3&#8243;][stm_icon_box box_style=&#8221;style_4&#8243; icon=&#8221;fas fa-check&#8221; icon_size=&#8221;23&#8243; icon_color=&#8221;custom&#8221; title=&#8221;Experien\u021b\u0103 profund\u0103&#8221; icon_color_custom=&#8221;#07716f&#8221;]Avem 26 de ani de experien\u021b\u0103 \u00een a oferi solu\u021bii inteligente, 100% conform specifica\u021biilor. VEGRA INFO a deservit clien\u021bi dintr-o gam\u0103 larg\u0103 de industrii, cum ar fi proiectarea \u0219i construc\u021bia de cl\u0103diri \u0219i ingineria civil\u0103.[\/stm_icon_box][vc_empty_space height=&#8221;25px&#8221;][\/vc_column_inner][\/vc_row_inner][vc_row_inner][vc_column_inner width=&#8221;1\/3&#8243;][stm_icon_box box_style=&#8221;style_4&#8243; icon=&#8221;fas fa-funnel-dollar&#8221; icon_size=&#8221;23&#8243; icon_color=&#8221;custom&#8221; title=&#8221;Costuri reduse&#8221; icon_color_custom=&#8221;#07716f&#8221;]\u00ce\u021bi punem pe mas\u0103 experien\u021ba \u0219i expertiza noastr\u0103 aprofundat\u0103. Cu ajutorul t\u0103u, identific\u0103m rapid practicile care \u00ee\u021bi m\u0103resc inutil costurile. Reac\u021bion\u0103m cu comenzi \u00eembun\u0103t\u0103\u021bite \u0219i noi tehnologii ce sporesc eficien\u021ba costurilor.[\/stm_icon_box][vc_empty_space height=&#8221;25px&#8221;][\/vc_column_inner][vc_column_inner width=&#8221;1\/3&#8243;][stm_icon_box box_style=&#8221;style_4&#8243; icon=&#8221;fas fa-balance-scale&#8221; icon_size=&#8221;23&#8243; icon_color=&#8221;custom&#8221; title=&#8221;Vorbim aceea\u0219i limb\u0103&#8221; icon_color_custom=&#8221;#07716f&#8221;]Valorile \u0219i comportamentele coerente sunt esen\u021biale pentru a ne asigura c\u0103 toat\u0103 lumea \u00een\u021belege \u00een ce direc\u021bie merge organiza\u021bia ta \u0219i cum se va contribui la avansarea strategiei. Cu toat\u0103 lumea pe aceea\u0219i lungime de und\u0103, productivitatea \u0219i execu\u021bia strategiei se \u00eent\u00e2mpl\u0103 firesc.[\/stm_icon_box][vc_empty_space height=&#8221;25px&#8221;][\/vc_column_inner][vc_column_inner width=&#8221;1\/3&#8243;][stm_icon_box box_style=&#8221;style_4&#8243; icon=&#8221;stm-award&#8221; icon_size=&#8221;23&#8243; icon_color=&#8221;custom&#8221; title=&#8221;Procese certificate&#8221; icon_color_custom=&#8221;#07716f&#8221;]Datorit\u0103 dedic\u0103rii \u0219i angajamentului nostru pentru \u00eembun\u0103t\u0103\u021birea calit\u0103\u021bii \u0219i a proceselor, am implementat urm\u0103toarele standarde de calitate: ISO 9001: 2008, ISO 27001 \u0219i ISO 14001: 2004 pentru Sistemul de Management al Mediului.[\/stm_icon_box][vc_empty_space height=&#8221;25px&#8221;][\/vc_column_inner][\/vc_row_inner][vc_row_inner][vc_column_inner][stm_spacing lg_spacing=&#8221;30&#8243; md_spacing=&#8221;10&#8243; sm_spacing=&#8221;0&#8243; xs_spacing=&#8221;0&#8243;][vc_separator color=&#8221;custom&#8221; accent_color=&#8221;#ededed&#8221;][\/vc_column_inner][\/vc_row_inner][stm_spacing lg_spacing=&#8221;30&#8243; md_spacing=&#8221;10&#8243; sm_spacing=&#8221;0&#8243; xs_spacing=&#8221;0&#8243;][vc_row_inner equal_height=&#8221;yes&#8221; content_placement=&#8221;middle&#8221;][vc_column_inner width=&#8221;2\/3&#8243;][vc_custom_heading stripe_pos=&#8221;hide&#8221; text=&#8221;Misiunea noastr\u0103 este garantarea satisfac\u021biei clien\u021bilor.&#8221; font_container=&#8221;tag:h4|font_size:21px|text_align:left|line_height:36px&#8221; use_theme_fonts=&#8221;yes&#8221;][\/vc_column_inner][vc_column_inner width=&#8221;1\/3&#8243;][vc_btn title=&#8221;Afl\u0103 mai multe despre noi&#8221; style=&#8221;outline&#8221; color=&#8221;black&#8221; size=&#8221;lg&#8221; align=&#8221;center&#8221; button_block=&#8221;true&#8221; link=&#8221;url:%2Fcompany%2F&#8221;][\/vc_column_inner][\/vc_row_inner][stm_spacing lg_spacing=&#8221;17&#8243; md_spacing=&#8221;10&#8243; sm_spacing=&#8221;0&#8243; xs_spacing=&#8221;0&#8243;][\/vc_column][\/vc_row][\/vc_section][vc_row css=&#8221;.vc_custom_1563519972761{background-position: center !important;background-repeat: no-repeat !important;background-size: cover !important;}&#8221;][vc_column stretch=&#8221;left&#8221; width=&#8221;1\/4&#8243; css=&#8221;.vc_custom_1623062122222{background-image: url(https:\/\/cadvegra.com\/wp-content\/uploads\/2021\/06\/img-1.jpg?id=7126) !important;background-position: center !important;background-repeat: no-repeat !important;background-size: contain !important;}&#8221; el_class=&#8221;bg-left&#8221; offset=&#8221;vc_col-lg-6 vc_col-md-6&#8243;][\/vc_column][vc_column width=&#8221;3\/4&#8243; offset=&#8221;vc_col-lg-6 vc_col-md-6&#8243;][vc_row_inner][vc_column_inner width=&#8221;1\/2&#8243; css=&#8221;.vc_custom_1563527960854{margin-bottom: 15px !important;}&#8221;][\/vc_column_inner][vc_column_inner width=&#8221;1\/2&#8243; css=&#8221;.vc_custom_1563527969205{margin-bottom: 15px !important;}&#8221;][\/vc_column_inner][\/vc_row_inner][vc_row_inner][vc_column_inner width=&#8221;1\/2&#8243; css=&#8221;.vc_custom_1563527986189{margin-bottom: 15px !important;}&#8221;][\/vc_column_inner][vc_column_inner width=&#8221;1\/2&#8243; css=&#8221;.vc_custom_1563527991981{margin-bottom: 15px !important;}&#8221;][\/vc_column_inner][\/vc_row_inner][stm_spacing lg_spacing=&#8221;24&#8243; md_spacing=&#8221;20&#8243; sm_spacing=&#8221;15&#8243; xs_spacing=&#8221;15&#8243;][\/vc_column][\/vc_row][vc_row full_width=&#8221;stretch_row&#8221; css=&#8221;.vc_custom_1623918689682{background-color: #07716f !important;}&#8221;][vc_column][stm_spacing lg_spacing=&#8221;100&#8243; md_spacing=&#8221;80&#8243; sm_spacing=&#8221;70&#8243; xs_spacing=&#8221;60&#8243;][vc_custom_heading stripe_pos=&#8221;hide&#8221; text=&#8221;Clien\u021bii no\u0219tri o spun cel mai bine!&#8221; font_container=&#8221;tag:h2|font_size:36px|text_align:center|color:%23ffffff|line_height:36px&#8221; use_theme_fonts=&#8221;yes&#8221; subtitle=&#8221;Sute de companii din \u00eentreaga lume au \u00eencredere \u00een solu\u021biile noastre personalizate \u0219i rentabile pentru fiecare proiect de proiectare asistat\u0103 de computer.&#8221; subtitle_color=&#8221;#ffffff&#8221;][stm_spacing lg_spacing=&#8221;35&#8243; md_spacing=&#8221;35&#8243; sm_spacing=&#8221;35&#8243; xs_spacing=&#8221;60&#8243;][stm_image_carousel style=&#8221;style_3&#8243; autoplay=&#8221;yes&#8221; loop=&#8221;yes&#8221; images=&#8221;7162,7167,7170,7173,7176,7179,7188,7193,7196&#8243;][stm_spacing lg_spacing=&#8221;35&#8243; md_spacing=&#8221;35&#8243; sm_spacing=&#8221;35&#8243; xs_spacing=&#8221;10&#8243;][\/vc_column][\/vc_row][vc_row][vc_column offset=&#8221;vc_hidden-lg vc_hidden-md vc_hidden-sm vc_hidden-xs&#8221;][stm_spacing lg_spacing=&#8221;81&#8243; md_spacing=&#8221;70&#8243; sm_spacing=&#8221;60&#8243; xs_spacing=&#8221;50&#8243;][vc_custom_heading stripe_pos=&#8221;hide&#8221; text=&#8221;What is better than real-world examples?&#8221; font_container=&#8221;tag:h2|font_size:36px|text_align:center|line_height:36px&#8221; use_theme_fonts=&#8221;yes&#8221;][stm_spacing lg_spacing=&#8221;11&#8243; md_spacing=&#8221;10&#8243; sm_spacing=&#8221;5&#8243; xs_spacing=&#8221;5&#8243;][vc_row_inner][vc_column_inner width=&#8221;1\/6&#8243;][\/vc_column_inner][vc_column_inner width=&#8221;2\/3&#8243;][vc_column_text]<\/p>\n<p style=\"text-align: center; font-size: 18px; line-height: 30px;\">Read our case studies to find out how we&#8217;ve helped clients transform their businesses.<\/p>\n<p>[\/vc_column_text][\/vc_column_inner][vc_column_inner width=&#8221;1\/6&#8243;][\/vc_column_inner][\/vc_row_inner][stm_spacing lg_spacing=&#8221;34&#8243; md_spacing=&#8221;25&#8243; sm_spacing=&#8221;20&#8243; xs_spacing=&#8221;15&#8243;][stm_works grid_style=&#8221;style_2&#8243; works_count=&#8221;4&#8243; cols=&#8221;4&#8243;][stm_spacing lg_spacing=&#8221;93&#8243; md_spacing=&#8221;70&#8243; sm_spacing=&#8221;60&#8243; xs_spacing=&#8221;50&#8243;][\/vc_column][\/vc_row][vc_row full_width=&#8221;stretch_row_content_no_spaces&#8221;][vc_column][stm_testimonials_carousel count=&#8221;3&#8243; per_row=&#8221;1&#8243; autoplay_carousel=&#8221;yes&#8221; css=&#8221;.vc_custom_1623071355196{background-color: #222831 !important;}&#8221;][\/vc_column][\/vc_row][vc_row full_width=&#8221;stretch_row&#8221; css=&#8221;.vc_custom_1624576734129{background-image: url(https:\/\/cadvegra.com\/wp-content\/uploads\/2021\/06\/cta_hp-2.jpg?id=7474) !important;background-position: center !important;background-repeat: no-repeat !important;background-size: cover !important;}&#8221; el_id=&#8221;CTA&#8221;][vc_column][stm_spacing lg_spacing=&#8221;110&#8243; md_spacing=&#8221;70&#8243; sm_spacing=&#8221;60&#8243; xs_spacing=&#8221;50&#8243;][vc_row_inner][vc_column_inner width=&#8221;1\/3&#8243; offset=&#8221;vc_col-lg-5 vc_col-md-5&#8243;][vc_custom_heading text=&#8221;Ia leg\u0103tura cu noi!&#8221; font_container=&#8221;tag:h2|font_size:48px|text_align:left|color:%23ffffff|line_height:48px&#8221; use_theme_fonts=&#8221;yes&#8221;][stm_spacing lg_spacing=&#8221;40&#8243; md_spacing=&#8221;30&#8243; sm_spacing=&#8221;20&#8243; xs_spacing=&#8221;20&#8243;][vc_column_text]<span style=\"color: #ffffff;\">Ai \u00eentreb\u0103ri despre cum \u00ee\u021bi putem ajuta compania? Trimite-ne un e-mail \u0219i \u00ee\u021bi vom r\u0103spunde \u00een scurt timp sau sun\u0103-ne \u00eentre orele 8:00 \u0219i 18:00, de luni p\u00e2n\u0103 vineri \u2013 ne-ar face o mare pl\u0103cere s\u0103 st\u0103m de vorb\u0103.<\/span>[\/vc_column_text][stm_contacts_widget style=&#8221;style_2&#8243; phone=&#8221;021 311 8829&#8243; email=&#8221;connect@cadvegra.com&#8221;][stm_spacing lg_spacing=&#8221;17&#8243; md_spacing=&#8221;15&#8243; sm_spacing=&#8221;15&#8243; xs_spacing=&#8221;15&#8243;][vc_column_text]<span style=\"color: #fff; font-size: 13px;\">Datele tale personale sunt \u00een siguran\u021b\u0103 conform<\/span> <a style=\"font-size: 13px; text-decoration: underline; color: #fff;\" href=\"\/ro\/confidentialitate\/\">Politicii de confiden\u021bialitate.<\/a>[\/vc_column_text][stm_spacing lg_spacing=&#8221;17&#8243; md_spacing=&#8221;10&#8243; sm_spacing=&#8221;0&#8243; xs_spacing=&#8221;0&#8243;][\/vc_column_inner][vc_column_inner offset=&#8221;vc_col-lg-1 vc_col-md-1 vc_hidden-sm vc_hidden-xs&#8221;][\/vc_column_inner][vc_column_inner width=&#8221;1\/3&#8243; offset=&#8221;vc_col-lg-5 vc_col-md-5&#8243;]<div role=\"form\" class=\"wpcf7\" id=\"wpcf7-f7936-o1\" lang=\"ro-RO\" dir=\"ltr\">\n<div class=\"screen-reader-response\"><p role=\"status\" aria-live=\"polite\" aria-atomic=\"true\"><\/p> <ul><\/ul><\/div>\n<form action=\"\/ro\/wp-json\/wp\/v2\/pages\/7873#wpcf7-f7936-o1\" method=\"post\" class=\"wpcf7-form init\" novalidate=\"novalidate\" data-status=\"init\">\n<div style=\"display: none;\">\n<input type=\"hidden\" name=\"_wpcf7\" value=\"7936\" \/>\n<input type=\"hidden\" name=\"_wpcf7_version\" value=\"5.4\" \/>\n<input type=\"hidden\" name=\"_wpcf7_locale\" value=\"ro_RO\" \/>\n<input type=\"hidden\" name=\"_wpcf7_unit_tag\" value=\"wpcf7-f7936-o1\" \/>\n<input type=\"hidden\" name=\"_wpcf7_container_post\" value=\"0\" \/>\n<input type=\"hidden\" name=\"_wpcf7_posted_data_hash\" value=\"\" \/>\n<input type=\"hidden\" name=\"_wpcf7_recaptcha_response\" value=\"\" \/>\n<\/div>\n<div class=\"request_callback\">\n<div class=\"row\">\n<div class=\"col-lg-12 col-md-12 col-sm-12 col-xs-12 heading-font\" style=\"color: #fff; font-size: 18px; line-height: 24px; margin-bottom: 13px;\">Vreau s\u0103 vorbesc cu un expert \u00een:<\/div>\n<div class=\"col-lg-12 col-md-12 col-sm-12 col-xs-12\">\n<div class=\"input-group\">\n                <span class=\"wpcf7-form-control-wrap services_consulting\"><select name=\"services_consulting\" class=\"wpcf7-form-control wpcf7-select\" aria-invalid=\"false\"><option value=\"\">CAD &amp; GIS<\/option><option value=\"Facility Management\">Facility Management<\/option><\/select><\/span>\n            <\/div>\n<\/div>\n<div class=\"col-lg-12 col-md-12 col-sm-12 col-xs-12\">\n<div class=\"input-group\">\n                <span class=\"wpcf7-form-control-wrap text-name\"><input type=\"text\" name=\"text-name\" value=\"\" size=\"40\" class=\"wpcf7-form-control wpcf7-text wpcf7-validates-as-required\" aria-required=\"true\" aria-invalid=\"false\" placeholder=\"Numele meu este\" \/><\/span>\n            <\/div>\n<\/div>\n<div class=\"col-lg-12 col-md-12 col-sm-12 col-xs-12\">\n<div class=\"input-group\">\n                <span class=\"wpcf7-form-control-wrap text-phone\"><input type=\"tel\" name=\"text-phone\" value=\"\" size=\"40\" class=\"wpcf7-form-control wpcf7-text wpcf7-tel wpcf7-validates-as-required wpcf7-validates-as-tel\" aria-required=\"true\" aria-invalid=\"false\" placeholder=\"Num\u0103rul meu de telefon este\" \/><\/span>\n            <\/div>\n<\/div>\n<div class=\"col-lg-12 col-md-12 col-sm-12 col-xs-12\">\n<div class=\"input-group\">\n                <button type=\"submit\" class=\"vc_general vc_btn3 vc_btn3-size-md  vc_btn3-style-flat vc_btn3-color-theme_style_1\" style=\" text-align: center; display: inline-block; color:#fff\">Trimite<\/button>\n            <\/div>\n<\/div>\n<\/div>\n<\/div>\n<div class=\"wpcf7-response-output\" aria-hidden=\"true\"><\/div><\/form><\/div>[\/vc_column_inner][\/vc_row_inner][stm_spacing lg_spacing=&#8221;100&#8243; md_spacing=&#8221;80&#8243; sm_spacing=&#8221;60&#8243; xs_spacing=&#8221;50&#8243;][\/vc_column][\/vc_row]<\/p>\n","protected":false},"excerpt":{"rendered":"<p>[vc_row full_width=&#8221;stretch_row&#8221; full_height=&#8221;yes&#8221; columns_placement=&#8221;top&#8221; content_placement=&#8221;top&#8221; parallax=&#8221;content-moving&#8221; css=&#8221;.vc_custom_1663774058767{background-color: #07716f !important;}&#8221;][vc_column css_animation=&#8221;fadeInLeft&#8221; width=&#8221;1\/2&#8243;][vc_row_inner][vc_column_inner][\/vc_column_inner][\/vc_row_inner][stm_spacing lg_spacing=&#8221;420&#8243; md_spacing=&#8221;280&#8243; sm_spacing=&#8221;240&#8243; xs_spacing=&#8221;200&#8243;][vc_custom_heading stripe_pos=&#8221;hide&#8221; stm_title_font_weight=&#8221;700&#8243; text=&#8221;Cu CAD, GIS, BIM \u00een ADN-ul nostru, transform\u0103m cele mai bune companii din lume prin puterea tehnologiei.&#8221; font_container=&#8221;tag:h1|font_size:52px|text_align:left|color:%23ffffff&#8221; use_theme_fonts=&#8221;yes&#8221;][vc_column_text]Suntem unul dintre cei mai importan\u021bi speciali\u0219ti din UE \u00een solu\u021bii CAD (Computer Aided Design), inginerie 3D, GIS (Geographic Information<\/p>\n","protected":false},"author":1,"featured_media":0,"parent":0,"menu_order":0,"comment_status":"closed","ping_status":"closed","template":"","meta":[],"_links":{"self":[{"href":"https:\/\/cadvegra.com\/ro\/wp-json\/wp\/v2\/pages\/7873"}],"collection":[{"href":"https:\/\/cadvegra.com\/ro\/wp-json\/wp\/v2\/pages"}],"about":[{"href":"https:\/\/cadvegra.com\/ro\/wp-json\/wp\/v2\/types\/page"}],"author":[{"embeddable":true,"href":"https:\/\/cadvegra.com\/ro\/wp-json\/wp\/v2\/users\/1"}],"replies":[{"embeddable":true,"href":"https:\/\/cadvegra.com\/ro\/wp-json\/wp\/v2\/comments?post=7873"}],"version-history":[{"count":24,"href":"https:\/\/cadvegra.com\/ro\/wp-json\/wp\/v2\/pages\/7873\/revisions"}],"predecessor-version":[{"id":9924,"href":"https:\/\/cadvegra.com\/ro\/wp-json\/wp\/v2\/pages\/7873\/revisions\/9924"}],"wp:attachment":[{"href":"https:\/\/cadvegra.com\/ro\/wp-json\/wp\/v2\/media?parent=7873"}],"curies":[{"name":"wp","href":"https:\/\/api.w.org\/{rel}","templated":true}]}}