{"id":7872,"date":"2016-01-19T12:44:15","date_gmt":"2016-01-19T12:44:15","guid":{"rendered":"https:\/\/cadvegra.com\/cases\/"},"modified":"2021-09-24T19:41:46","modified_gmt":"2021-09-24T19:41:46","slug":"portofoliu","status":"publish","type":"page","link":"https:\/\/cadvegra.com\/ro\/portofoliu\/","title":{"rendered":"Portofoliu"},"content":{"rendered":"<p>[vc_row css=&#8221;.vc_custom_1459507011960{margin-bottom: 100px !important;}&#8221;][vc_column][vc_separator css=&#8221;.vc_custom_1632498212971{padding-bottom: 25px !important;}&#8221;][stm_works style=&#8221;grid_with_filter&#8221; cols=&#8221;3&#8243; img_size=&#8221;stm-image-350&#215;195-croped&#8221;][vc_custom_heading text=&#8221;Sec\u021biunea este \u00een curs de actualizare \u0219i va fi disponibil\u0103 \u00een cur\u00e2nd. &#8221; font_container=&#8221;tag:h2|text_align:center&#8221; google_fonts=&#8221;font_family:Roboto%20Condensed%3A300%2C300italic%2Cregular%2Citalic%2C700%2C700italic|font_style:400%20regular%3A400%3Anormal&#8221;][vc_btn title=&#8221;\u00cenapoi la prima pagin\u0103&#8221; style=&#8221;classic&#8221; color=&#8221;black&#8221; align=&#8221;center&#8221; i_icon_fontawesome=&#8221;fas fa-angle-double-left&#8221; add_icon=&#8221;true&#8221; link=&#8221;url:%2Fro%2F&#8221;][vc_separator css=&#8221;.vc_custom_1632498465242{margin-top: 45px !important;}&#8221;][\/vc_column][\/vc_row][vc_row full_width=&#8221;stretch_row&#8221; css=&#8221;.vc_custom_1459505959648{margin-bottom: -60px !important;}&#8221; el_class=&#8221;third_bg_color&#8221;][vc_column css=&#8221;.vc_custom_1632498528884{margin-top: 45px !important;margin-bottom: 45px !important;}&#8221;][vc_cta h2=&#8221;Ajut\u0103m companiile mari \u0219i mici s\u0103 \u00ee\u0219i modeleze avantajul competitiv folosind proiectarea asistat\u0103 de computer.&#8221; h2_font_container=&#8221;tag:h2|font_size:20px|text_align:left|color:%23ffffff|line_height:24px&#8221; h2_use_theme_fonts=&#8221;yes&#8221; shape=&#8221;square&#8221; style=&#8221;flat&#8221; color=&#8221;white&#8221; add_button=&#8221;right&#8221; btn_title=&#8221;Lucreaz\u0103 cu noi&#8221; btn_style=&#8221;flat&#8221; btn_color=&#8221;theme_style_2&#8243; btn_size=&#8221;lg&#8221; btn_align=&#8221;right&#8221; use_custom_fonts_h2=&#8221;true&#8221; btn_link=&#8221;url:%2Fcontact%2F&#8221; el_class=&#8221;third_bg_color&#8221; css=&#8221;.vc_custom_1632512453842{margin-bottom: 0px !important;}&#8221;][\/vc_cta][\/vc_column][\/vc_row]<\/p>\n","protected":false},"excerpt":{"rendered":"<p>[vc_row css=&#8221;.vc_custom_1459507011960{margin-bottom: 100px !important;}&#8221;][vc_column][vc_separator css=&#8221;.vc_custom_1632498212971{padding-bottom: 25px !important;}&#8221;][stm_works style=&#8221;grid_with_filter&#8221; cols=&#8221;3&#8243; img_size=&#8221;stm-image-350&#215;195-croped&#8221;][vc_custom_heading text=&#8221;Sec\u021biunea este \u00een curs de actualizare \u0219i va fi disponibil\u0103 \u00een cur\u00e2nd. &#8221; font_container=&#8221;tag:h2|text_align:center&#8221; google_fonts=&#8221;font_family:Roboto%20Condensed%3A300%2C300italic%2Cregular%2Citalic%2C700%2C700italic|font_style:400%20regular%3A400%3Anormal&#8221;][vc_btn title=&#8221;\u00cenapoi la prima pagin\u0103&#8221; style=&#8221;classic&#8221; color=&#8221;black&#8221; align=&#8221;center&#8221; i_icon_fontawesome=&#8221;fas fa-angle-double-left&#8221; add_icon=&#8221;true&#8221; link=&#8221;url:%2Fro%2F&#8221;][vc_separator css=&#8221;.vc_custom_1632498465242{margin-top: 45px !important;}&#8221;][\/vc_column][\/vc_row][vc_row full_width=&#8221;stretch_row&#8221; css=&#8221;.vc_custom_1459505959648{margin-bottom: -60px !important;}&#8221; el_class=&#8221;third_bg_color&#8221;][vc_column css=&#8221;.vc_custom_1632498528884{margin-top: 45px !important;margin-bottom: 45px !important;}&#8221;][vc_cta h2=&#8221;Ajut\u0103m companiile mari \u0219i mici s\u0103<\/p>\n","protected":false},"author":1,"featured_media":0,"parent":0,"menu_order":0,"comment_status":"closed","ping_status":"closed","template":"","meta":[],"_links":{"self":[{"href":"https:\/\/cadvegra.com\/ro\/wp-json\/wp\/v2\/pages\/7872"}],"collection":[{"href":"https:\/\/cadvegra.com\/ro\/wp-json\/wp\/v2\/pages"}],"about":[{"href":"https:\/\/cadvegra.com\/ro\/wp-json\/wp\/v2\/types\/page"}],"author":[{"embeddable":true,"href":"https:\/\/cadvegra.com\/ro\/wp-json\/wp\/v2\/users\/1"}],"replies":[{"embeddable":true,"href":"https:\/\/cadvegra.com\/ro\/wp-json\/wp\/v2\/comments?post=7872"}],"version-history":[{"count":2,"href":"https:\/\/cadvegra.com\/ro\/wp-json\/wp\/v2\/pages\/7872\/revisions"}],"predecessor-version":[{"id":7924,"href":"https:\/\/cadvegra.com\/ro\/wp-json\/wp\/v2\/pages\/7872\/revisions\/7924"}],"wp:attachment":[{"href":"https:\/\/cadvegra.com\/ro\/wp-json\/wp\/v2\/media?parent=7872"}],"curies":[{"name":"wp","href":"https:\/\/api.w.org\/{rel}","templated":true}]}}