{"id":7871,"date":"2021-06-07T09:21:16","date_gmt":"2021-06-07T09:21:16","guid":{"rendered":"https:\/\/cadvegra.com\/cad-gis\/"},"modified":"2021-09-24T19:37:35","modified_gmt":"2021-09-24T19:37:35","slug":"cad-gis","status":"publish","type":"page","link":"https:\/\/cadvegra.com\/ro\/cad-gis\/","title":{"rendered":"Servicii CAD &#038; GIS"},"content":{"rendered":"<p>[vc_row full_width=&#8221;stretch_row&#8221; css=&#8221;.vc_custom_1623932021508{background-image: url(https:\/\/cadvegra.com\/wp-content\/uploads\/2021\/06\/head_cad_gis-1.jpg?id=7392) !important;background-position: center !important;background-repeat: no-repeat !important;background-size: cover !important;}&#8221;][vc_column css_animation=&#8221;fadeInLeft&#8221; width=&#8221;1\/2&#8243;][stm_spacing lg_spacing=&#8221;200&#8243; md_spacing=&#8221;280&#8243; sm_spacing=&#8221;240&#8243; xs_spacing=&#8221;200&#8243;][vc_custom_heading stripe_pos=&#8221;hide&#8221; text=&#8221;Servicii CAD &#038; GIS &#8221; font_container=&#8221;tag:h1|text_align:left|color:%23ffffff&#8221; use_theme_fonts=&#8221;yes&#8221;][vc_column_text]<\/p>\n<h5><span style=\"color: #ffffff;\">Suntem o companie <strong>CAD<\/strong>, n\u0103scut\u0103 din pasiunea pentru CAD, ca alternativ\u0103 pentru tine de a-\u021bi externaliza opera\u021biunile CAD ce necesit\u0103 extrem de mult\u0103 munc\u0103. Scopul nostru este s\u0103 dezvolt\u0103m parteneriate pe termen lung cu clien\u021bii no\u0219tri. Obiectivul nostru este de acela de a fi un furnizor de \u00eencredere \u0219i eficient din puncte de vedere al costurilor pentru toate nevoile clien\u021bilor no\u0219tri. O echip\u0103 dinamic\u0103 \u0219i experimentat\u0103 de ingineri \u0219i proiectan\u021bi ofer\u0103 solu\u021bii inteligente \u00een intervale de timp foarte restr\u00e2nse, cu o precizie de 100% \u00een \u00eendeplinirea specifica\u021biilor predefinite, \u00een timp ce tu vei fi facturat semnificativ sub pre\u021burile pie\u021bei.<\/span><\/h5>\n<p>&nbsp;[\/vc_column_text][vc_btn title=&#8221;Lucreaz\u0103 cu noi&#8221; style=&#8221;flat&#8221; color=&#8221;theme_style_4&#8243; size=&#8221;lg&#8221; i_align=&#8221;right&#8221; i_icon_fontawesome=&#8221;stm-right-arrow&#8221; add_icon=&#8221;true&#8221; link=&#8221;url:%23CTA&#8221;][stm_spacing lg_spacing=&#8221;217&#8243; md_spacing=&#8221;200&#8243; sm_spacing=&#8221;180&#8243; xs_spacing=&#8221;160&#8243;][\/vc_column][vc_column width=&#8221;1\/2&#8243;][\/vc_column][\/vc_row][vc_row full_width=&#8221;stretch_row_content_no_spaces&#8221;][vc_column][stm_spacing lg_spacing=&#8221;90&#8243; md_spacing=&#8221;90&#8243; sm_spacing=&#8221;70&#8243; xs_spacing=&#8221;70&#8243;][stm_image_carousel grayscale=&#8221;yes&#8221; h_centered=&#8221;yes&#8221; img_size=&#8221;900&#215;640&#8243; autoplay=&#8221;yes&#8221; loop=&#8221;yes&#8221; items=&#8221;8&#8243; items_small_desktop=&#8221;2&#8243; items_tablet=&#8221;2&#8243; images=&#8221;7330,7334,7336,7338,7346,7362,7364,7349,7355,7352,7366&#8243;][stm_spacing lg_spacing=&#8221;90&#8243; md_spacing=&#8221;90&#8243; sm_spacing=&#8221;70&#8243; xs_spacing=&#8221;70&#8243;][\/vc_column][\/vc_row][vc_row full_width=&#8221;stretch_row&#8221; css=&#8221;.vc_custom_1452840284250{padding-top: 47px !important;padding-bottom: 18px !important;background-color: #f2f2f2 !important;}&#8221;][vc_column][stm_spacing lg_spacing=&#8221;25&#8243; md_spacing=&#8221;15&#8243; sm_spacing=&#8221;10&#8243;][vc_custom_heading text=&#8221;F\u0103 echip\u0103 cu noi pentru urm\u0103torul t\u0103u proiect CAD\/GIS.&#8221; font_container=&#8221;tag:h2|text_align:center&#8221; use_theme_fonts=&#8221;yes&#8221; css=&#8221;.vc_custom_1632511696875{margin-bottom: 40px !important;}&#8221;][stm_spacing lg_spacing=&#8221;25&#8243; md_spacing=&#8221;15&#8243; sm_spacing=&#8221;10&#8243;][vc_row_inner css=&#8221;.vc_custom_1452839824807{margin-bottom: 27px !important;}&#8221;][vc_column_inner width=&#8221;1\/2&#8243;][stm_icon_box icon=&#8221;fas fa-vector-square&#8221; icon_size=&#8221;26&#8243; icon_color=&#8221;custom&#8221; icon_color_custom=&#8221;#ffffff&#8221; title=&#8221;Conversie CAD &#8220;]Desen de baz\u0103 incluz\u00e2nd desene de plan\u0219eu, structura straturilor, reprezentarea obiectelor (pere\u021bi, u\u0219i, ferestre, echipamente \u0219i alte obiecte), coresponden\u021b\u0103 geometric\u0103 \u00eentre planurile de nivel, sec\u021biuni \u0219i fa\u021bade, m\u0103surare cu laser pe baza inspec\u021biei cl\u0103dirii la fa\u021ba locului; instalatii; planuri de mentenan\u021b\u0103, planuri de evacuare \u00een caz de incendiu; 2D\/3D Clouds.[\/stm_icon_box][\/vc_column_inner][vc_column_inner width=&#8221;1\/2&#8243;][stm_icon_box icon=&#8221;fas fa-shapes&#8221; icon_size=&#8221;26&#8243; icon_color=&#8221;custom&#8221; icon_color_custom=&#8221;#ffffff&#8221; title=&#8221;Generarea de date GIS &#8220;]Georeferen\u021bierea informa\u021biilor scanate \u00een AutoCAD; colectarea elementelor de topologie folosind straturi specifice; stocarea informa\u021biilor utiliz\u00e2nd Object Data Table \u0219i Extended Data; asamblarea sectoarelor cadastrale \u00eentr-o hart\u0103 mare; exportarea planului AutoCAD \u00eentr-un mediu GIS precum ESRI, Intergraph, MapInfo, SmallWorld.[\/stm_icon_box][\/vc_column_inner][\/vc_row_inner][vc_row_inner css=&#8221;.vc_custom_1452839938467{margin-bottom: 27px !important;}&#8221;][vc_column_inner width=&#8221;1\/2&#8243;][stm_icon_box icon=&#8221;fas fa-network-wired&#8221; icon_size=&#8221;26&#8243; icon_color=&#8221;custom&#8221; icon_color_custom=&#8221;#ffffff&#8221; title=&#8221;Servicii integrate de date &#8220;]Sondaj, colectare de date \u0219i integrare. Obiectivul serviciilor pe care le oferim este acela de a porta informa\u021bii tehnice, economice sau de alt\u0103 natur\u0103, dintr-un format digital sau non-digital \u00eentr-un sistem integrat. \u00cen acest sistem, toate datele colectate sunt administrate, structurate \u00een baze de date rela\u021bionale, unde interog\u0103rile pot genera orice informa\u021bie solicitat\u0103.[\/stm_icon_box][\/vc_column_inner][vc_column_inner width=&#8221;1\/2&#8243;][stm_icon_box icon=&#8221;fas fa-cube&#8221; icon_size=&#8221;26&#8243; icon_color=&#8221;custom&#8221; icon_color_custom=&#8221;#ffffff&#8221; title=&#8221;Servicii BIM \/ Cl\u0103diri 3D &#8220;]<\/p>\n<div class=\"et_pb_module et_pb_text et_pb_text_0 et_pb_bg_layout_light et_pb_text_align_left\">\n<div class=\"et_pb_text_inner\">\n<p>Drafturi \u0219i detalieri Revit 2D; conversie Revit; date BIM Revit; prezent\u0103ri 3D. Conectarea modelului 3D al activului corporal la o baz\u0103 de date rela\u021bional\u0103 ce poate stoca toate informa\u021biile legate de activul corporal, permi\u021b\u00e2nd tuturor celor implica\u021bi \u00een ciclul de via\u021b\u0103 al cl\u0103dirii s\u0103 se sincronizeze \u0219i s\u0103 vizualizeze modelul \u00een moduri diferite sau s\u0103 partajeze cu u\u0219urin\u021b\u0103 informa\u021biile.<\/p>\n<\/div>\n<\/div>\n<p>[\/stm_icon_box][\/vc_column_inner][\/vc_row_inner][vc_row_inner css=&#8221;.vc_custom_1452839938467{margin-bottom: 27px !important;}&#8221;][vc_column_inner width=&#8221;1\/2&#8243;][stm_icon_box icon=&#8221;fas fa-cubes&#8221; icon_size=&#8221;26&#8243; icon_color=&#8221;custom&#8221; icon_color_custom=&#8221;#ffffff&#8221; title=&#8221;Servicii 3D CAD&#8221;]Avem abilit\u0103\u021bile potrivite pentru a integra conceptele \u00eentr-un design 3D CAD \u0219i, de asemenea, oferim suport inovativ semnificativ \u0219i substan\u021bial din etapele de prototipare \u0219i testare, p\u00e2n\u0103 la produsul final \u00een sine. Experien\u021ba noastr\u0103 include componente auto, mecanice, de fabrica\u021bie, design industrial, amenaj\u0103ri comerciale, ambalare, construc\u021bii \u0219i fabricarea o\u021belului.[\/stm_icon_box][\/vc_column_inner][vc_column_inner width=&#8221;1\/2&#8243;][stm_icon_box icon=&#8221;fas fa-history&#8221; icon_size=&#8221;26&#8243; icon_color=&#8221;custom&#8221; icon_color_custom=&#8221;#ffffff&#8221; title=&#8221;3D Reverse Engineering &#038; QA &#8220;]Combin\u00e2nd echipamentele potrivite cu inginerii, experien\u021ba \u0219i cuno\u0219tin\u021bele pe care le de\u021binem, putem aborda cele mai dificile lucr\u0103ri de Reverse Engineering. Suntem specializa\u021bi \u00een scanarea e\u0219antioanelor, crearea de modele CAD \u0219i dezvoltarea de desene \u0219i toleran\u021be, \u0219i, de asemenea, te vom ghida \u00een procesul de Reverse Engineering, cu sfaturi despre cele mai bune practici.[\/stm_icon_box][\/vc_column_inner][\/vc_row_inner][vc_row_inner css=&#8221;.vc_custom_1452839938467{margin-bottom: 27px !important;}&#8221;][vc_column_inner][stm_spacing lg_spacing=&#8221;25&#8243; md_spacing=&#8221;15&#8243; sm_spacing=&#8221;10&#8243;][\/vc_column_inner][\/vc_row_inner][\/vc_column][\/vc_row][vc_row full_width=&#8221;stretch_row&#8221; css=&#8221;.vc_custom_1632498697693{padding-top: 47px !important;padding-bottom: 60px !important;background-color: #222831 !important;}&#8221; el_class=&#8221;overlay_4 fixed_bg&#8221;][vc_column][vc_custom_heading text=&#8221;C\u0103l\u0103toria fiec\u0103rui client este unic\u0103. De aceea, noi \u00eentotdeauna oferim:&#8221; font_container=&#8221;tag:h2|text_align:center|color:%23ffffff&#8221; use_theme_fonts=&#8221;yes&#8221; css=&#8221;.vc_custom_1632511865087{margin-bottom: 40px !important;}&#8221;][vc_row_inner][vc_column_inner width=&#8221;1\/3&#8243;][stm_info_box align_center=&#8221;yes&#8221; style=&#8221;style_2&#8243; title=&#8221;Consultan\u021b\u0103&#8221; css=&#8221;.vc_custom_1632511888368{padding-top: 10px !important;padding-right: 50px !important;padding-bottom: 36px !important;padding-left: 50px !important;}&#8221;]<\/p>\n<div class=\"et_pb_column et_pb_column_1_4 et_pb_column_19 et_pb_css_mix_blend_mode_passthrough\">\n<div class=\"et_pb_module et_pb_blurb et_pb_blurb_8 et_pb_bg_layout_light et_pb_text_align_center et_pb_blurb_position_top\">\n<div class=\"et_pb_blurb_content\">\n<div class=\"et_pb_blurb_container\">\n<div class=\"et_pb_blurb_description\">\n<p>\u00cempreun\u0103 cu exper\u021bii no\u0219tri, identifici oportunit\u0103\u021bile care decurg din procesul t\u0103u specific de afaceri \u0219i evaluezi impactul pe care acestea \u00eel au asupra afacerii tale, dar \u0219i efortul pe care \u00eel implic\u0103 abordarea lor.<\/p>\n<\/div>\n<\/div>\n<\/div>\n<\/div>\n<\/div>\n<p>[\/stm_info_box][\/vc_column_inner][vc_column_inner width=&#8221;1\/3&#8243;][stm_info_box align_center=&#8221;yes&#8221; style=&#8221;style_2&#8243; title=&#8221;\u00cen\u021belegere&#8221; css=&#8221;.vc_custom_1632511904802{padding-top: 10px !important;padding-right: 50px !important;padding-bottom: 36px !important;padding-left: 50px !important;}&#8221;]Dup\u0103 identificarea celor mai bune oportunit\u0103\u021bi, determin\u0103m un model de afaceri recunoscut reciproc, bazat pe situa\u021bia ta specific\u0103, combinat cu cele mai bune practici din cele mai relevante referin\u021be.[\/stm_info_box][\/vc_column_inner][vc_column_inner width=&#8221;1\/3&#8243;][stm_info_box align_center=&#8221;yes&#8221; style=&#8221;style_2&#8243; title=&#8221;Succes&#8221; css=&#8221;.vc_custom_1632512247211{padding-top: 10px !important;padding-right: 50px !important;padding-bottom: 36px !important;padding-left: 50px !important;}&#8221;]Depunem toate eforturile pentru a oferi rezultate ce-\u021bi vor dep\u0103\u0219i a\u0219tept\u0103rile \u0219i ad\u0103ug\u0103m valoare afacerii tale. Prin implementarea serviciilor noastre, vom \u00eencepe s\u0103 aducem schimb\u0103ri pozitive \u00een lumea ta de zi cu zi.[\/stm_info_box][\/vc_column_inner][\/vc_row_inner][\/vc_column][\/vc_row][vc_row][vc_column offset=&#8221;vc_hidden-lg vc_hidden-md vc_hidden-sm vc_hidden-xs&#8221;][stm_spacing lg_spacing=&#8221;81&#8243; md_spacing=&#8221;70&#8243; sm_spacing=&#8221;60&#8243; xs_spacing=&#8221;50&#8243;][vc_custom_heading stripe_pos=&#8221;hide&#8221; text=&#8221;What is better than real-world examples?&#8221; font_container=&#8221;tag:h2|font_size:36px|text_align:center|line_height:36px&#8221; use_theme_fonts=&#8221;yes&#8221;][stm_spacing lg_spacing=&#8221;11&#8243; md_spacing=&#8221;10&#8243; sm_spacing=&#8221;5&#8243; xs_spacing=&#8221;5&#8243;][vc_row_inner][vc_column_inner width=&#8221;1\/6&#8243;][\/vc_column_inner][vc_column_inner width=&#8221;2\/3&#8243;][vc_column_text]<\/p>\n<p style=\"text-align: center; font-size: 18px; line-height: 30px;\">Read our case studies to find out how we&#8217;ve helped clients transform their businesses.<\/p>\n<p>[\/vc_column_text][\/vc_column_inner][vc_column_inner width=&#8221;1\/6&#8243;][\/vc_column_inner][\/vc_row_inner][stm_spacing lg_spacing=&#8221;34&#8243; md_spacing=&#8221;25&#8243; sm_spacing=&#8221;20&#8243; xs_spacing=&#8221;15&#8243;][stm_works grid_style=&#8221;style_2&#8243; works_count=&#8221;4&#8243; cols=&#8221;4&#8243;][stm_spacing lg_spacing=&#8221;93&#8243; md_spacing=&#8221;70&#8243; sm_spacing=&#8221;60&#8243; xs_spacing=&#8221;50&#8243;][\/vc_column][\/vc_row][vc_row full_width=&#8221;stretch_row&#8221; css=&#8221;.vc_custom_1623930439639{background-image: url(https:\/\/cadvegra.com\/wp-content\/uploads\/2021\/06\/cta_cad_gis-1.jpg?id=7385) !important;background-position: center !important;background-repeat: no-repeat !important;background-size: cover !important;}&#8221; el_id=&#8221;CTA&#8221;][vc_column][stm_spacing lg_spacing=&#8221;160&#8243; md_spacing=&#8221;70&#8243; sm_spacing=&#8221;60&#8243; xs_spacing=&#8221;50&#8243;][vc_row_inner][vc_column_inner width=&#8221;1\/3&#8243; offset=&#8221;vc_col-lg-5 vc_col-md-5&#8243;][vc_custom_heading text=&#8221;Suntem gata s\u0103 te ajut\u0103m!&#8221; font_container=&#8221;tag:h2|font_size:41px|text_align:left|color:%23ffffff|line_height:48px&#8221; use_theme_fonts=&#8221;yes&#8221;][stm_spacing lg_spacing=&#8221;40&#8243; md_spacing=&#8221;30&#8243; sm_spacing=&#8221;20&#8243; xs_spacing=&#8221;20&#8243;][vc_column_text]<span style=\"color: #fff; line-height: 22px;\">E\u0219ti preg\u0103tit s\u0103 discut\u0103m despre proiectul t\u0103u CAD &#038; GIS? Suntem aici s\u0103 ajut\u0103m! Trimite-ne un e-mail \u0219i \u00ee\u021bi vom r\u0103punde \u00een scurt timp sau sun\u0103-ne \u00eentre orele 8:00 \u0219i 18:00, de luni p\u00e2n\u0103 vineri &#8211; ne-ar face o mare pl\u0103cere s\u0103 st\u0103m de vorb\u0103.<\/span>[\/vc_column_text][stm_contacts_widget style=&#8221;style_2&#8243; email=&#8221;connect@cadvegra.com&#8221; phone=&#8221;021 311 8829&#8243;][stm_spacing lg_spacing=&#8221;17&#8243; md_spacing=&#8221;15&#8243; sm_spacing=&#8221;15&#8243; xs_spacing=&#8221;15&#8243;][vc_column_text]<span style=\"color: #fff; font-size: 13px;\">Datele tale personale sunt \u00een siguran\u021b\u0103 conform<\/span> <a style=\"font-size: 13px; text-decoration: underline; color: #fff;\" href=\"\/ro\/confidentialitate\/\">Politicii de Confiden\u021bialitate.<\/a>[\/vc_column_text][stm_spacing lg_spacing=&#8221;17&#8243; md_spacing=&#8221;10&#8243; sm_spacing=&#8221;0&#8243; xs_spacing=&#8221;0&#8243;][\/vc_column_inner][vc_column_inner offset=&#8221;vc_col-lg-1 vc_col-md-1 vc_hidden-sm vc_hidden-xs&#8221;][\/vc_column_inner][vc_column_inner width=&#8221;1\/3&#8243; offset=&#8221;vc_col-lg-5 vc_col-md-5&#8243;]<div role=\"form\" class=\"wpcf7\" id=\"wpcf7-f7934-o1\" lang=\"ro-RO\" dir=\"ltr\">\n<div class=\"screen-reader-response\"><p role=\"status\" aria-live=\"polite\" aria-atomic=\"true\"><\/p> <ul><\/ul><\/div>\n<form action=\"\/ro\/wp-json\/wp\/v2\/pages\/7871#wpcf7-f7934-o1\" method=\"post\" class=\"wpcf7-form init\" novalidate=\"novalidate\" data-status=\"init\">\n<div style=\"display: none;\">\n<input type=\"hidden\" name=\"_wpcf7\" value=\"7934\" \/>\n<input type=\"hidden\" name=\"_wpcf7_version\" value=\"5.4\" \/>\n<input type=\"hidden\" name=\"_wpcf7_locale\" value=\"ro_RO\" \/>\n<input type=\"hidden\" name=\"_wpcf7_unit_tag\" value=\"wpcf7-f7934-o1\" \/>\n<input type=\"hidden\" name=\"_wpcf7_container_post\" value=\"0\" \/>\n<input type=\"hidden\" name=\"_wpcf7_posted_data_hash\" value=\"\" \/>\n<input type=\"hidden\" name=\"_wpcf7_recaptcha_response\" value=\"\" \/>\n<\/div>\n<div class=\"request_callback\">\n<div class=\"row\">\n<div class=\"col-lg-12 col-md-12 col-sm-12 col-xs-12 heading-font\" style=\"text-shadow: 1px 6px 8px #000000; color: #fff; font-size: 18px; line-height: 24px; margin-bottom: 13px;\">Vreau s\u0103 vorbesc cu un expert \u00een:<\/div>\n<div class=\"col-lg-12 col-md-12 col-sm-12 col-xs-12\">\n<div class=\"input-group\">\n                <span class=\"wpcf7-form-control-wrap services_consulting\"><select name=\"services_consulting\" class=\"wpcf7-form-control wpcf7-select\" aria-invalid=\"false\"><option value=\"\">Conversie CAD<\/option><option value=\"Generarea de date GIS\">Generarea de date GIS<\/option><option value=\"Servicii integrate de date\">Servicii integrate de date<\/option><option value=\"Servicii BIM \/ Cl\u0103diri 3D\">Servicii BIM \/ Cl\u0103diri 3D<\/option><option value=\"Servicii 3D CAD\">Servicii 3D CAD<\/option><option value=\"3D Reverse Engineering &amp; QA\">3D Reverse Engineering &amp; QA<\/option><\/select><\/span>\n            <\/div>\n<\/div>\n<div class=\"col-lg-12 col-md-12 col-sm-12 col-xs-12\">\n<div class=\"input-group\">\n                <span class=\"wpcf7-form-control-wrap text-name\"><input type=\"text\" name=\"text-name\" value=\"\" size=\"40\" class=\"wpcf7-form-control wpcf7-text wpcf7-validates-as-required\" aria-required=\"true\" aria-invalid=\"false\" placeholder=\"Numele meu este\" \/><\/span>\n            <\/div>\n<\/div>\n<div class=\"col-lg-12 col-md-12 col-sm-12 col-xs-12\">\n<div class=\"input-group\">\n                <span class=\"wpcf7-form-control-wrap text-phone\"><input type=\"tel\" name=\"text-phone\" value=\"\" size=\"40\" class=\"wpcf7-form-control wpcf7-text wpcf7-tel wpcf7-validates-as-required wpcf7-validates-as-tel\" aria-required=\"true\" aria-invalid=\"false\" placeholder=\"Num\u0103rul meu de telefon este\" \/><\/span>\n            <\/div>\n<\/div>\n<div class=\"col-lg-12 col-md-12 col-sm-12 col-xs-12\">\n<div class=\"input-group\">\n                <button type=\"submit\" class=\"vc_general vc_btn3 vc_btn3-size-md  vc_btn3-style-flat vc_btn3-color-theme_style_1\" style=\" text-align: center; display: inline-block; color:#fff\">Trimite<\/button>\n            <\/div>\n<\/div>\n<\/div>\n<\/div>\n<div class=\"wpcf7-response-output\" aria-hidden=\"true\"><\/div><\/form><\/div>[\/vc_column_inner][\/vc_row_inner][stm_spacing lg_spacing=&#8221;100&#8243; md_spacing=&#8221;80&#8243; sm_spacing=&#8221;60&#8243; xs_spacing=&#8221;50&#8243;][\/vc_column][\/vc_row][vc_section full_width=&#8221;stretch_row&#8221; css=&#8221;.vc_custom_1623918906991{background-color: #07716f !important;}&#8221;][vc_row][vc_column][vc_empty_space height=&#8221;25px&#8221;][\/vc_column][\/vc_row][vc_row][vc_column width=&#8221;1\/4&#8243;][vc_empty_space height=&#8221;62px&#8221;][vc_custom_heading stripe_pos=&#8221;hide&#8221; text=&#8221;Avem \u00eencrederea: &#8221; font_container=&#8221;tag:h2|font_size:36px|text_align:center|color:%23ffffff|line_height:36px&#8221; use_theme_fonts=&#8221;yes&#8221; subtitle_color=&#8221;#ffffff&#8221;][\/vc_column][vc_column width=&#8221;3\/4&#8243;][stm_image_carousel style=&#8221;style_3&#8243; autoplay=&#8221;yes&#8221; items=&#8221;4&#8243; items_small_desktop=&#8221;4&#8243; images=&#8221;7162,7167,7170,7173,7176,7179,7188,7193,7196&#8243;][\/vc_column][\/vc_row][vc_row][vc_column][vc_empty_space height=&#8221;25px&#8221;][\/vc_column][\/vc_row][\/vc_section]<\/p>\n","protected":false},"excerpt":{"rendered":"<p>[vc_row full_width=&#8221;stretch_row&#8221; css=&#8221;.vc_custom_1623932021508{background-image: url(https:\/\/cadvegra.com\/wp-content\/uploads\/2021\/06\/head_cad_gis-1.jpg?id=7392) !important;background-position: center !important;background-repeat: no-repeat !important;background-size: cover !important;}&#8221;][vc_column css_animation=&#8221;fadeInLeft&#8221; width=&#8221;1\/2&#8243;][stm_spacing lg_spacing=&#8221;200&#8243; md_spacing=&#8221;280&#8243; sm_spacing=&#8221;240&#8243; xs_spacing=&#8221;200&#8243;][vc_custom_heading stripe_pos=&#8221;hide&#8221; text=&#8221;Servicii CAD &#038; GIS &#8221; font_container=&#8221;tag:h1|text_align:left|color:%23ffffff&#8221; use_theme_fonts=&#8221;yes&#8221;][vc_column_text] Suntem o companie CAD, n\u0103scut\u0103 din pasiunea pentru CAD, ca alternativ\u0103 pentru tine de a-\u021bi externaliza opera\u021biunile CAD ce necesit\u0103 extrem de mult\u0103 munc\u0103. Scopul nostru este s\u0103 dezvolt\u0103m parteneriate<\/p>\n","protected":false},"author":1,"featured_media":0,"parent":0,"menu_order":0,"comment_status":"closed","ping_status":"closed","template":"","meta":[],"_links":{"self":[{"href":"https:\/\/cadvegra.com\/ro\/wp-json\/wp\/v2\/pages\/7871"}],"collection":[{"href":"https:\/\/cadvegra.com\/ro\/wp-json\/wp\/v2\/pages"}],"about":[{"href":"https:\/\/cadvegra.com\/ro\/wp-json\/wp\/v2\/types\/page"}],"author":[{"embeddable":true,"href":"https:\/\/cadvegra.com\/ro\/wp-json\/wp\/v2\/users\/1"}],"replies":[{"embeddable":true,"href":"https:\/\/cadvegra.com\/ro\/wp-json\/wp\/v2\/comments?post=7871"}],"version-history":[{"count":4,"href":"https:\/\/cadvegra.com\/ro\/wp-json\/wp\/v2\/pages\/7871\/revisions"}],"predecessor-version":[{"id":7923,"href":"https:\/\/cadvegra.com\/ro\/wp-json\/wp\/v2\/pages\/7871\/revisions\/7923"}],"wp:attachment":[{"href":"https:\/\/cadvegra.com\/ro\/wp-json\/wp\/v2\/media?parent=7871"}],"curies":[{"name":"wp","href":"https:\/\/api.w.org\/{rel}","templated":true}]}}