{"id":7870,"date":"2021-06-07T09:42:28","date_gmt":"2021-06-07T09:42:28","guid":{"rendered":"https:\/\/cadvegra.com\/contact\/"},"modified":"2026-04-14T10:50:40","modified_gmt":"2026-04-14T10:50:40","slug":"contact","status":"publish","type":"page","link":"https:\/\/cadvegra.com\/ro\/contact\/","title":{"rendered":"Contact"},"content":{"rendered":"<p>[vc_section][vc_row][vc_column][stm_spacing lg_spacing=&#8221;30&#8243;][\/vc_column][\/vc_row][vc_row gap=&#8221;35&#8243;][vc_column width=&#8221;2\/3&#8243;][vc_custom_heading text=&#8221;Vrei s\u0103 iei leg\u0103tura cu noi?&#8221; google_fonts=&#8221;font_family:Roboto%20Condensed%3A300%2C300italic%2Cregular%2Citalic%2C700%2C700italic|font_style:700%20bold%20regular%3A700%3Anormal&#8221; css=&#8221;.vc_custom_1632513521208{margin-bottom: 51px !important;}&#8221;][vc_column_text css=&#8221;.vc_custom_1632513533304{margin-bottom: 30px !important;}&#8221;]Dac\u0103 ai o \u00eentrebare sau dore\u0219ti informa\u021bii suplimentare despre compania sau serviciile noastre, te rug\u0103m s\u0103 ne contactezi.[\/vc_column_text][vc_custom_heading stripe_pos=&#8221;hide&#8221; text=&#8221;Solicit\u0103ri generale&#8221; font_container=&#8221;tag:h3|font_size:20px|text_align:left|color:%23222222|line_height:45px&#8221; google_fonts=&#8221;font_family:Roboto%20Condensed%3A300%2C300italic%2Cregular%2Citalic%2C700%2C700italic|font_style:700%20bold%20regular%3A700%3Anormal&#8221; el_class=&#8221;border_base_color&#8221; css=&#8221;.vc_custom_1632513552367{margin-top: -5px !important;margin-bottom: -22px !important;border-top-width: 3px !important;padding-top: 0px !important;padding-bottom: 10px !important;border-top-style: solid !important;}&#8221;][vc_row_inner][vc_column_inner][\/vc_column_inner][vc_column_inner width=&#8221;1\/2&#8243;][stm_contacts_widget style=&#8221;style_4&#8243; address=&#8221;Str. Lt. Stefan Marinescu, Nr. 9, Etaj 1,<br \/>\nSector 6, Bucure\u0219ti 060773, Romania&#8221; phone=&#8221;+40-21-3118839&#8243; fax=&#8221;+40-21-3118840&#8243; email=&#8221;connect@cadvegra.com&#8221;][vc_custom_heading stripe_pos=&#8221;hide&#8221; text=&#8221;Cariere&#8221; font_container=&#8221;tag:h3|font_size:20px|text_align:left|color:%23222222|line_height:45px&#8221; google_fonts=&#8221;font_family:Roboto%20Condensed%3A300%2C300italic%2Cregular%2Citalic%2C700%2C700italic|font_style:700%20bold%20regular%3A700%3Anormal&#8221; el_class=&#8221;border_base_color&#8221; css=&#8221;.vc_custom_1632513633637{margin-top: -7px !important;margin-bottom: -22px !important;border-top-width: 3px !important;padding-top: 0px !important;padding-bottom: 16px !important;border-top-style: solid !important;}&#8221;][vc_column_text css=&#8221;.vc_custom_1632513646159{margin-bottom: 15px !important;}&#8221;]Pentru mai multe informa\u021bii despre oportunit\u0103\u021bile actuale de angajare, te rug\u0103m s\u0103 ne contactezi:[\/vc_column_text][stm_contact style=&#8221;style_2&#8243; name=&#8221;Divina Tri\u021b\u0103&#8221; image=&#8221;759&#8243; job=&#8221;HR Manager&#8221; phone=&#8221;+40-21-3118839&#8243; email=&#8221;div@cadvegra.com&#8221;][\/vc_column_inner][vc_column_inner width=&#8221;1\/2&#8243;][vc_empty_space height=&#8221;37px&#8221;][stm_contacts_widget style=&#8221;style_4&#8243; facebook=&#8221;#&#8221; twitter=&#8221;#&#8221; linkedin=&#8221;#&#8221; google_plus=&#8221;#&#8221; skype=&#8221;#&#8221; schedule=&#8221;Luni \u2013 Vineri: 9:00 AM\u201318:00 PM&#8221; email=&#8221;connect@cadvegra.com&#8221;][vc_custom_heading stripe_pos=&#8221;hide&#8221; text=&#8221;Marketing&#8221; font_container=&#8221;tag:h3|font_size:20px|text_align:left|color:%23222222|line_height:45px&#8221; google_fonts=&#8221;font_family:Roboto%20Condensed%3A300%2C300italic%2Cregular%2Citalic%2C700%2C700italic|font_style:700%20bold%20regular%3A700%3Anormal&#8221; el_class=&#8221;border_base_color&#8221; css=&#8221;.vc_custom_1632513679290{margin-top: -7px !important;margin-bottom: -22px !important;border-top-width: 3px !important;padding-top: 0px !important;padding-bottom: 16px !important;border-top-style: solid !important;}&#8221;][vc_column_text css=&#8221;.vc_custom_1632515219031{margin-bottom: 15px !important;}&#8221;]Dac\u0103 e\u0219ti specialist PR sau Marketing te rug\u0103m s\u0103 ne contactezi:[\/vc_column_text][stm_contact style=&#8221;style_2&#8243; image=&#8221;758&#8243; phone=&#8221;+40-21-3118839&#8243;][\/vc_column_inner][\/vc_row_inner][\/vc_column][vc_column width=&#8221;1\/3&#8243;][vc_custom_heading text=&#8221;Completeaz\u0103 formularul \u015fi vei fi contactat \u00een cel mai scurt timp!&#8221; font_container=&#8221;tag:h3|text_align:left&#8221; google_fonts=&#8221;font_family:Roboto%20Condensed%3A300%2C300italic%2Cregular%2Citalic%2C700%2C700italic|font_style:700%20bold%20regular%3A700%3Anormal&#8221;]<div role=\"form\" class=\"wpcf7\" id=\"wpcf7-f7933-o1\" lang=\"ro-RO\" dir=\"ltr\">\n<div class=\"screen-reader-response\"><p role=\"status\" aria-live=\"polite\" aria-atomic=\"true\"><\/p> <ul><\/ul><\/div>\n<form action=\"\/ro\/wp-json\/wp\/v2\/pages\/7870#wpcf7-f7933-o1\" method=\"post\" class=\"wpcf7-form init\" novalidate=\"novalidate\" data-status=\"init\">\n<div style=\"display: none;\">\n<input type=\"hidden\" name=\"_wpcf7\" value=\"7933\" \/>\n<input type=\"hidden\" name=\"_wpcf7_version\" value=\"5.4\" \/>\n<input type=\"hidden\" name=\"_wpcf7_locale\" value=\"ro_RO\" \/>\n<input type=\"hidden\" name=\"_wpcf7_unit_tag\" value=\"wpcf7-f7933-o1\" \/>\n<input type=\"hidden\" name=\"_wpcf7_container_post\" value=\"0\" \/>\n<input type=\"hidden\" name=\"_wpcf7_posted_data_hash\" value=\"\" \/>\n<input type=\"hidden\" name=\"_wpcf7_recaptcha_response\" value=\"\" \/>\n<\/div>\n<div class=\"request_callback\">\n<div class=\"input-group\">\n            <span class=\"wpcf7-form-control-wrap message\"><textarea name=\"message\" cols=\"40\" rows=\"10\" class=\"wpcf7-form-control wpcf7-textarea wpcf7-validates-as-required height147\" aria-required=\"true\" aria-invalid=\"false\" placeholder=\"Mesajul t\u0103u *\"><\/textarea><\/span>\n        <\/div>\n<div class=\"input-group\">\n            <span class=\"wpcf7-form-control-wrap text-name\"><input type=\"text\" name=\"text-name\" value=\"\" size=\"40\" class=\"wpcf7-form-control wpcf7-text wpcf7-validates-as-required\" aria-required=\"true\" aria-invalid=\"false\" placeholder=\"Nume \u015fi Prenume*\" \/><\/span>\n        <\/div>\n<div class=\"input-group\">\n            <span class=\"wpcf7-form-control-wrap email\"><input type=\"email\" name=\"email\" value=\"\" size=\"40\" class=\"wpcf7-form-control wpcf7-text wpcf7-email wpcf7-validates-as-required wpcf7-validates-as-email\" aria-required=\"true\" aria-invalid=\"false\" placeholder=\"E-mail *\" \/><\/span>\n        <\/div>\n<div class=\"input-group\">\n<span class=\"wpcf7-form-control-wrap tel\"><input type=\"tel\" name=\"tel\" value=\"\" size=\"40\" class=\"wpcf7-form-control wpcf7-text wpcf7-tel wpcf7-validates-as-tel\" aria-invalid=\"false\" placeholder=\"Telefon *\" \/><\/span>\n <\/div>\n<div class=\"input-group\">\n            <span class=\"wpcf7-form-control-wrap menu-774\"><select name=\"menu-774\" class=\"wpcf7-form-control wpcf7-select wpcf7-validates-as-required\" aria-required=\"true\" aria-invalid=\"false\"><option value=\"\">Interesul t\u0103u*<\/option><option value=\"Informa\u0163ii generale\">Informa\u0163ii generale<\/option><option value=\"Cariere\">Cariere<\/option><option value=\"Marketing\">Marketing<\/option><option value=\"Altul\">Altul<\/option><\/select><\/span>\n        <\/div>\n<div class=\"input-group\">\n            <button type=\"submit\" class=\"button size-lg icon_right\">Trimite<i class=\"fa fa-chevron-right\"><\/i><\/button>\n        <\/div>\n<\/div>\n<div class=\"wpcf7-response-output\" aria-hidden=\"true\"><\/div><\/form><\/div>[\/vc_column][\/vc_row][vc_row][vc_column][stm_spacing lg_spacing=&#8221;50&#8243;][\/vc_column][\/vc_row][vc_row full_width=&#8221;stretch_row_content_no_spaces&#8221; content_placement=&#8221;bottom&#8221; css=&#8221;.vc_custom_1663777480561{margin-bottom: -3px !important;}&#8221;][vc_column][vc_raw_html]JTNDaWZyYW1lJTIwc3JjJTNEJTIyaHR0cHMlM0ElMkYlMkZteS5hdGxpc3RtYXBzLmNvbSUyRm1hcCUyRjI3YWUyZDgyLTBhNDYtNGQ3Zi04MGFlLWE5NGNhOGMwNzVkNyUzRnNoYXJlJTNEdHJ1ZSUyMiUyMGFsbG93JTNEJTIyZ2VvbG9jYXRpb24lMjIlMjB3aWR0aCUzRCUyMjEwMCUyNSUyMiUyMGhlaWdodCUzRCUyMjQwMHB4JTIyJTIwZnJhbWVib3JkZXIlM0QlMjIwJTIyJTIwc2Nyb2xsaW5nJTNEJTIybm8lMjIlMjBhbGxvd2Z1bGxzY3JlZW4lM0UlM0MlMkZpZnJhbWUlM0U=[\/vc_raw_html][\/vc_column][\/vc_row][\/vc_section]<\/p>\n","protected":false},"excerpt":{"rendered":"<p>[vc_section][vc_row][vc_column][stm_spacing lg_spacing=&#8221;30&#8243;][\/vc_column][\/vc_row][vc_row gap=&#8221;35&#8243;][vc_column width=&#8221;2\/3&#8243;][vc_custom_heading text=&#8221;Vrei s\u0103 iei leg\u0103tura cu noi?&#8221; google_fonts=&#8221;font_family:Roboto%20Condensed%3A300%2C300italic%2Cregular%2Citalic%2C700%2C700italic|font_style:700%20bold%20regular%3A700%3Anormal&#8221; css=&#8221;.vc_custom_1632513521208{margin-bottom: 51px !important;}&#8221;][vc_column_text css=&#8221;.vc_custom_1632513533304{margin-bottom: 30px !important;}&#8221;]Dac\u0103 ai o \u00eentrebare sau dore\u0219ti informa\u021bii suplimentare despre compania sau serviciile noastre, te rug\u0103m s\u0103 ne contactezi.[\/vc_column_text][vc_custom_heading stripe_pos=&#8221;hide&#8221; text=&#8221;Solicit\u0103ri generale&#8221; font_container=&#8221;tag:h3|font_size:20px|text_align:left|color:%23222222|line_height:45px&#8221; google_fonts=&#8221;font_family:Roboto%20Condensed%3A300%2C300italic%2Cregular%2Citalic%2C700%2C700italic|font_style:700%20bold%20regular%3A700%3Anormal&#8221; el_class=&#8221;border_base_color&#8221; css=&#8221;.vc_custom_1632513552367{margin-top: -5px !important;margin-bottom: -22px !important;border-top-width: 3px !important;padding-top: 0px !important;padding-bottom: 10px !important;border-top-style: solid !important;}&#8221;][vc_row_inner][vc_column_inner][\/vc_column_inner][vc_column_inner width=&#8221;1\/2&#8243;][stm_contacts_widget style=&#8221;style_4&#8243;<\/p>\n","protected":false},"author":1,"featured_media":0,"parent":0,"menu_order":0,"comment_status":"closed","ping_status":"closed","template":"","meta":[],"_links":{"self":[{"href":"https:\/\/cadvegra.com\/ro\/wp-json\/wp\/v2\/pages\/7870"}],"collection":[{"href":"https:\/\/cadvegra.com\/ro\/wp-json\/wp\/v2\/pages"}],"about":[{"href":"https:\/\/cadvegra.com\/ro\/wp-json\/wp\/v2\/types\/page"}],"author":[{"embeddable":true,"href":"https:\/\/cadvegra.com\/ro\/wp-json\/wp\/v2\/users\/1"}],"replies":[{"embeddable":true,"href":"https:\/\/cadvegra.com\/ro\/wp-json\/wp\/v2\/comments?post=7870"}],"version-history":[{"count":26,"href":"https:\/\/cadvegra.com\/ro\/wp-json\/wp\/v2\/pages\/7870\/revisions"}],"predecessor-version":[{"id":11286,"href":"https:\/\/cadvegra.com\/ro\/wp-json\/wp\/v2\/pages\/7870\/revisions\/11286"}],"wp:attachment":[{"href":"https:\/\/cadvegra.com\/ro\/wp-json\/wp\/v2\/media?parent=7870"}],"curies":[{"name":"wp","href":"https:\/\/api.w.org\/{rel}","templated":true}]}}