{"id":7869,"date":"2021-06-07T09:47:21","date_gmt":"2021-06-07T09:47:21","guid":{"rendered":"https:\/\/cadvegra.com\/company\/"},"modified":"2021-09-24T19:25:13","modified_gmt":"2021-09-24T19:25:13","slug":"companie","status":"publish","type":"page","link":"https:\/\/cadvegra.com\/ro\/companie\/","title":{"rendered":"Companie"},"content":{"rendered":"<p>[vc_row css=&#8221;.vc_custom_1623960238378{margin-right: 0px !important;margin-bottom: 50px !important;margin-left: 0px !important;}&#8221;][vc_column css=&#8221;.vc_custom_1487075933193{background-image: url(https:\/consulting.stylemixthemes.com\/wp-content\/uploads\/2017\/02\/about3.jpg?id=1380) !important;background-position: center !important;background-repeat: no-repeat !important;background-size: cover !important;}&#8221;][vc_row_inner gap=&#8221;35&#8243; css=&#8221;.vc_custom_1624527631597{padding-top: 20px !important;padding-right: 40px !important;padding-bottom: 40px !important;padding-left: 40px !important;}&#8221; el_class=&#8221;mobile_no_paddings&#8221;][vc_column_inner el_class=&#8221;mobile_no_paddings&#8221; css=&#8221;.vc_custom_1623960112034{padding-top: 52px !important;padding-right: 30px !important;padding-bottom: 50px !important;padding-left: 40px !important;background-color: #077171 !important;}&#8221; offset=&#8221;vc_col-lg-5&#8243;][stm_quote box_color=&#8221;custom&#8221; quote_text=&#8221;&#8221; img_size=&#8221;48&#215;48&#8243; quote=&#8221;Ascult\u0103m, inspir\u0103m \u0219i lucr\u0103m pentru a face fa\u021b\u0103 provoc\u0103rilor de m\u00e2ine.&#8221; box_color_custom=&#8221;#ffffff&#8221;][\/vc_column_inner][vc_column_inner width=&#8221;7\/12&#8243; offset=&#8221;vc_hidden-md vc_hidden-sm vc_hidden-xs&#8221;][vc_custom_heading text=&#8221;Credem \u00een puterea tehnologiei de a proiecta un viitor mai bun.&#8221; font_container=&#8221;tag:h2|font_size:40px|text_align:left&#8221; google_fonts=&#8221;font_family:Roboto%20Condensed%3A300%2C300italic%2Cregular%2Citalic%2C700%2C700italic|font_style:700%20bold%20regular%3A700%3Anormal&#8221;][vc_column_text]Misiunea noastr\u0103 este de a st\u0103p\u00e2ni, selecta, dezvolta \u0219i implementa tehnologii inovatoare, solu\u021bii \u0219i servicii proactive sau lucr\u0103ri cu un grad ridicat de complexitate pentru a ne ajuta clien\u021bii \u00een optimizarea, modernizarea, standardizarea \u0219i digitalizarea spa\u021biilor \u00een care ace\u0219tia opereaz\u0103, capacitatea de produc\u021bie, loca\u021biile pe care le de\u021bin \u0219i propriet\u0103\u021bile pe care le administreaz\u0103.<\/p>\n<p>Oferim solu\u021bii inteligente, 100% conform specifica\u021biilor, lucr\u00e2nd sub presiunea unor termene exigente. Suntem capabili s\u0103 gestion\u0103m o gam\u0103 larg\u0103 de proiecte \u0219i necesit\u0103\u021bi de proiectare, cu cele mai sofisticate cerin\u021be tehnice.<\/p>\n<p>\u00cencrederea, dezvoltarea abilit\u0103\u021bilor individuale, orientarea c\u0103tre client, spiritul de echip\u0103, flexibilitatea, productivitatea sunt valorile pe care le pre\u021buim \u0219i \u00een care credem cu t\u0103rie.[\/vc_column_text][\/vc_column_inner][\/vc_row_inner][\/vc_column][\/vc_row][vc_row full_width=&#8221;stretch_row&#8221; el_class=&#8221;third_bg_color&#8221; css=&#8221;.vc_custom_1485767489734{padding-top: 57px !important;padding-bottom: 59px !important;}&#8221;][vc_column width=&#8221;1\/2&#8243; offset=&#8221;vc_col-lg-3 vc_col-md-3 vc_col-xs-12&#8243;][stm_stats_counter stat_counter_style=&#8221;style_2&#8243; counter_value=&#8221;26&#8243; description=&#8221;ani<br \/>\nde experien\u021b\u0103&#8221;][\/vc_column][vc_column width=&#8221;1\/2&#8243; offset=&#8221;vc_col-lg-3 vc_col-md-3 vc_col-xs-12&#8243;][stm_stats_counter stat_counter_style=&#8221;style_2&#8243; counter_value=&#8221;2000&#8243; counter_value_pre=&#8221;+&#8221; description=&#8221;proiecte<br \/>\nfinalizate&#8221;][\/vc_column][vc_column width=&#8221;1\/2&#8243; offset=&#8221;vc_col-lg-3 vc_col-md-3 vc_col-xs-12&#8243;][stm_stats_counter stat_counter_style=&#8221;style_2&#8243; counter_value=&#8221;7&#8243; counter_value_suf=&#8221; ANI&#8221; description=&#8221;reten\u021bie medie<br \/>\nper client&#8221;][\/vc_column][vc_column width=&#8221;1\/2&#8243; offset=&#8221;vc_col-lg-3 vc_col-md-3 vc_col-xs-12&#8243;][stm_stats_counter stat_counter_style=&#8221;style_2&#8243; counter_value=&#8221;100&#8243; counter_value_suf=&#8221;%&#8221; description=&#8221;satisfac\u021bia<br \/>\nclien\u021bilor&#8221;][\/vc_column][vc_column][\/vc_column][\/vc_row][vc_row full_width=&#8221;stretch_row&#8221; css=&#8221;.vc_custom_1485759536261{margin-bottom: 0px !important;padding-top: 56px !important;background-color: #f2f2f2 !important;}&#8221;][vc_column][vc_custom_heading text=&#8221;Ce define\u0219te ADN-ul afacerii noastre?&#8221; font_container=&#8221;tag:h2|font_size:45|text_align:left&#8221; google_fonts=&#8221;font_family:Roboto%20Condensed%3A300%2C300italic%2Cregular%2Citalic%2C700%2C700italic|font_style:700%20bold%20regular%3A700%3Anormal&#8221;][\/vc_column][\/vc_row][vc_row full_width=&#8221;stretch_row&#8221; css=&#8221;.vc_custom_1624526205202{padding-top: 20px !important;padding-bottom: 35px !important;background-color: #f2f2f2 !important;}&#8221;][vc_column offset=&#8221;vc_col-lg-4&#8243;][stm_icon_box box_style=&#8221;style_7&#8243; icon=&#8221;stm-nokia&#8221; icon_size=&#8221;22&#8243; icon_color=&#8221;custom&#8221; title=&#8221;Integritatea&#8221; icon_color_custom=&#8221;#222222&#8243; css=&#8221;.vc_custom_1632510938503{margin-bottom: 24px !important;}&#8221;]\u00cencerc\u0103m s\u0103 ne asigur\u0103m c\u0103 practicile comerciale ale companiei nu numai c\u0103 sunt conforme cu legile, reglement\u0103rile \u0219i principiile aplicabile, ci r\u0103m\u00e2n deasupra tuturor standardelor etice.[\/stm_icon_box][\/vc_column][vc_column offset=&#8221;vc_col-lg-4&#8243;][stm_icon_box box_style=&#8221;style_7&#8243; icon=&#8221;stm-check&#8221; icon_size=&#8221;22&#8243; icon_color=&#8221;custom&#8221; title=&#8221;Respectul&#8221; icon_color_custom=&#8221;#222222&#8243; css=&#8221;.vc_custom_1632510931387{margin-bottom: 24px !important;}&#8221;]Respectul ne ghideaz\u0103 \u00een interac\u021biunile noastre zilnice. Ne respect\u0103m reciproc, clien\u021bii \u0219i produsele noastre. Respect\u0103m \u0219i ne pas\u0103 at\u00e2t de mult de ceilal\u021bi, c\u00e2t \u0219i de noi \u00een\u0219ine.[\/stm_icon_box][\/vc_column][vc_column offset=&#8221;vc_col-lg-4&#8243;][stm_icon_box box_style=&#8221;style_7&#8243; icon=&#8221;stm-nokia&#8221; icon_size=&#8221;22&#8243; icon_color=&#8221;custom&#8221; title=&#8221;Simplitatea&#8221; icon_color_custom=&#8221;#222222&#8243; css=&#8221;.vc_custom_1632510922455{margin-bottom: 24px !important;}&#8221;]C\u0103ut\u0103m s\u0103 simplific\u0103m \u0219i s\u0103 \u00eembun\u0103t\u0103\u021bim continuu procesele, procedurile \u0219i activit\u0103\u021bile, precum \u0219i s\u0103 lucr\u0103m peste grani\u021bele organiza\u021bionale \u0219i s\u0103 d\u0103r\u00e2m\u0103m barierele interne.[\/stm_icon_box][\/vc_column][\/vc_row][vc_row full_width=&#8221;stretch_row&#8221; css=&#8221;.vc_custom_1623915648991{margin-bottom: 33px !important;padding-top: 47px !important;padding-bottom: 60px !important;background-color: #222831 !important;}&#8221; el_class=&#8221;overlay_4 fixed_bg&#8221;][vc_column][vc_custom_heading text=&#8221;C\u00e2\u0219tig\u0103m prin:&#8221; font_container=&#8221;tag:h2|text_align:center|color:%23ffffff&#8221; use_theme_fonts=&#8221;yes&#8221; css=&#8221;.vc_custom_1632510950632{margin-bottom: 40px !important;}&#8221;][vc_row_inner][vc_column_inner width=&#8221;1\/3&#8243;][stm_info_box align_center=&#8221;yes&#8221; style=&#8221;style_2&#8243; title=&#8221;Pun\u00e2ndu-ne clien\u021bii pe primul loc&#8221; css=&#8221;.vc_custom_1632511075408{padding-top: 10px !important;padding-right: 50px !important;padding-bottom: 36px !important;padding-left: 50px !important;}&#8221;]<\/p>\n<div class=\"et_pb_column et_pb_column_1_4 et_pb_column_19 et_pb_css_mix_blend_mode_passthrough\">\n<div class=\"et_pb_module et_pb_blurb et_pb_blurb_8 et_pb_bg_layout_light et_pb_text_align_center et_pb_blurb_position_top\">\n<div class=\"et_pb_blurb_content\">\n<div class=\"et_pb_blurb_container\">\n<div class=\"et_pb_blurb_description\">\n<p>Depunem toate eforturile pentru a ne cunoa\u0219te clien\u021bii \u0219i a le \u00een\u021belege cu adev\u0103rat nevoile. Acest lucru ne permite s\u0103 ne folosim experien\u021ba pentru a-i ajuta \u00een mod corect.<\/p>\n<\/div>\n<\/div>\n<\/div>\n<\/div>\n<\/div>\n<p>[\/stm_info_box][\/vc_column_inner][vc_column_inner width=&#8221;1\/3&#8243;][stm_info_box align_center=&#8221;yes&#8221; style=&#8221;style_2&#8243; title=&#8221;Fiind direc\u021bi&#8221; css=&#8221;.vc_custom_1632511045563{padding-top: 10px !important;padding-right: 50px !important;padding-bottom: 36px !important;padding-left: 50px !important;}&#8221;]Suntem practici \u0219i pragmatici. Credem \u00een solu\u021bii \u00een detrimentul discu\u021biilor. Ne exprim\u0103m \u00een cel mai clar mod posibil.[\/stm_info_box][\/vc_column_inner][vc_column_inner width=&#8221;1\/3&#8243;][stm_info_box align_center=&#8221;yes&#8221; style=&#8221;style_2&#8243; title=&#8221;Respect\u00e2ndu-ne promisiunile&#8221; css=&#8221;.vc_custom_1632511022343{padding-top: 10px !important;padding-right: 50px !important;padding-bottom: 36px !important;padding-left: 50px !important;}&#8221;]Facem tot posibilul s\u0103 ne respect\u0103m promisiunile. \u0218i atunci c\u00e2nd este dificil, \u00eei ajut\u0103m pe clien\u021bii no\u0219tri s\u0103 g\u0103seasc\u0103 alte modalit\u0103\u021bi de a-\u0219i rezolva problemele.[\/stm_info_box][\/vc_column_inner][\/vc_row_inner][\/vc_column][\/vc_row][vc_section content_placement=&#8221;middle&#8221; css=&#8221;.vc_custom_1624525724785{margin-top: 30px !important;}&#8221;][vc_row gap=&#8221;20&#8243; equal_height=&#8221;yes&#8221;][vc_column width=&#8221;1\/2&#8243;][vc_custom_heading text=&#8221;Suntem la fel de globali \u0219i de locali pe c\u00e2t ai nevoie.&#8221; font_container=&#8221;tag:h2|font_size:45|text_align:left&#8221; google_fonts=&#8221;font_family:Roboto%20Condensed%3A300%2C300italic%2Cregular%2Citalic%2C700%2C700italic|font_style:700%20bold%20regular%3A700%3Anormal&#8221;][\/vc_column][vc_column width=&#8221;1\/2&#8243;][vc_column_text]Cu exper\u021bi la nivel local \u0219i global, lucr\u0103m al\u0103turi de tine pentru a veni \u00een \u00eent\u00e2mpinarea nevoilor tale individuale de afaceri cu combina\u021bia optim\u0103 de op\u021biuni de livrare, oferind modalitatea potrivit\u0103 pentru a finaliza proiectele la timp, cu succes \u0219i cu rentabilitate maxim\u0103 \u00een ceea ce prive\u0219te investi\u021bia ta.[\/vc_column_text][\/vc_column][\/vc_row][\/vc_section][vc_section css=&#8221;.vc_custom_1624525767669{margin-bottom: 25px !important;}&#8221;][vc_row][vc_column][vc_single_image image=&#8221;7588&#8243; img_size=&#8221;full&#8221; css=&#8221;.vc_custom_1624527591621{margin-top: 20px !important;margin-bottom: 35px !important;}&#8221;][\/vc_column][\/vc_row][\/vc_section][vc_row full_width=&#8221;stretch_row&#8221; equal_height=&#8221;yes&#8221; content_placement=&#8221;middle&#8221; parallax=&#8221;content-moving-fade&#8221; parallax_image=&#8221;1381&#8243; css=&#8221;.vc_custom_1624524268279{padding-top: 67px !important;padding-bottom: 70px !important;background-image: url(http:\/consult.loc\/wp-content\/uploads\/2015\/12\/placeholder-3.gif?id=33) !important;}&#8221; el_class=&#8221;base_bg_color&#8221;][vc_column width=&#8221;1\/4&#8243;][vc_custom_heading text=&#8221;\u00cencrederea celor mai buni:&#8221; font_container=&#8221;tag:h2|font_size:22px|text_align:left|color:%23ffffff&#8221; google_fonts=&#8221;font_family:Roboto%20Condensed%3A300%2C300italic%2Cregular%2Citalic%2C700%2C700italic|font_style:700%20bold%20regular%3A700%3Anormal&#8221; css=&#8221;.vc_custom_1632511210005{padding-top: 18px !important;}&#8221;][\/vc_column][vc_column width=&#8221;3\/4&#8243;][stm_image_carousel h_centered=&#8221;yes&#8221; img_size=&#8221;full&#8221; autoplay=&#8221;yes&#8221; timeout=&#8221;4000&#8243; loop=&#8221;yes&#8221; items_small_desktop=&#8221;4&#8243; items_tablet=&#8221;3&#8243; images=&#8221;7196,7193,7188,7179,7176,7173,7170,7167,7162&#8243;][\/vc_column][\/vc_row][vc_row full_width=&#8221;stretch_row&#8221; el_class=&#8221;third_bg_color&#8221; css=&#8221;.vc_custom_1451889219674{margin-bottom: -60px !important;}&#8221;][vc_column][vc_cta h2=&#8221;Ajut\u0103m companiile mari \u0219i mici s\u0103 \u00ee\u0219i modeleze avantajul competitiv folosind proiectarea asistat\u0103 de computer.&#8221; h2_font_container=&#8221;tag:h2|font_size:20px|text_align:left|color:%23ffffff|line_height:24px&#8221; h2_use_theme_fonts=&#8221;yes&#8221; shape=&#8221;square&#8221; style=&#8221;flat&#8221; color=&#8221;white&#8221; add_button=&#8221;right&#8221; btn_title=&#8221;Lucreaz\u0103 cu noi&#8221; btn_style=&#8221;flat&#8221; btn_color=&#8221;black&#8221; btn_align=&#8221;right&#8221; btn_i_align=&#8221;right&#8221; btn_i_icon_fontawesome=&#8221;stm-lnr-chevron-right&#8221; use_custom_fonts_h2=&#8221;true&#8221; btn_button_block=&#8221;true&#8221; btn_add_icon=&#8221;true&#8221; el_class=&#8221;third_bg_color&#8221; css=&#8221;.vc_custom_1632511168928{margin-bottom: 0px !important;}&#8221; btn_link=&#8221;url:%2Fro%2Fcontact%2F&#8221;][\/vc_cta][\/vc_column][\/vc_row]<\/p>\n","protected":false},"excerpt":{"rendered":"<p>[vc_row css=&#8221;.vc_custom_1623960238378{margin-right: 0px !important;margin-bottom: 50px !important;margin-left: 0px !important;}&#8221;][vc_column css=&#8221;.vc_custom_1487075933193{background-image: url(https:\/consulting.stylemixthemes.com\/wp-content\/uploads\/2017\/02\/about3.jpg?id=1380) !important;background-position: center !important;background-repeat: no-repeat !important;background-size: cover !important;}&#8221;][vc_row_inner gap=&#8221;35&#8243; css=&#8221;.vc_custom_1624527631597{padding-top: 20px !important;padding-right: 40px !important;padding-bottom: 40px !important;padding-left: 40px !important;}&#8221; el_class=&#8221;mobile_no_paddings&#8221;][vc_column_inner el_class=&#8221;mobile_no_paddings&#8221; css=&#8221;.vc_custom_1623960112034{padding-top: 52px !important;padding-right: 30px !important;padding-bottom: 50px !important;padding-left: 40px !important;background-color: #077171 !important;}&#8221; offset=&#8221;vc_col-lg-5&#8243;][stm_quote box_color=&#8221;custom&#8221; quote_text=&#8221;&#8221; img_size=&#8221;48&#215;48&#8243; quote=&#8221;Ascult\u0103m, inspir\u0103m \u0219i lucr\u0103m pentru a face fa\u021b\u0103 provoc\u0103rilor de m\u00e2ine.&#8221;<\/p>\n","protected":false},"author":1,"featured_media":0,"parent":0,"menu_order":0,"comment_status":"closed","ping_status":"closed","template":"","meta":[],"_links":{"self":[{"href":"https:\/\/cadvegra.com\/ro\/wp-json\/wp\/v2\/pages\/7869"}],"collection":[{"href":"https:\/\/cadvegra.com\/ro\/wp-json\/wp\/v2\/pages"}],"about":[{"href":"https:\/\/cadvegra.com\/ro\/wp-json\/wp\/v2\/types\/page"}],"author":[{"embeddable":true,"href":"https:\/\/cadvegra.com\/ro\/wp-json\/wp\/v2\/users\/1"}],"replies":[{"embeddable":true,"href":"https:\/\/cadvegra.com\/ro\/wp-json\/wp\/v2\/comments?post=7869"}],"version-history":[{"count":5,"href":"https:\/\/cadvegra.com\/ro\/wp-json\/wp\/v2\/pages\/7869\/revisions"}],"predecessor-version":[{"id":7920,"href":"https:\/\/cadvegra.com\/ro\/wp-json\/wp\/v2\/pages\/7869\/revisions\/7920"}],"wp:attachment":[{"href":"https:\/\/cadvegra.com\/ro\/wp-json\/wp\/v2\/media?parent=7869"}],"curies":[{"name":"wp","href":"https:\/\/api.w.org\/{rel}","templated":true}]}}