{"id":7868,"date":"2021-06-17T12:51:47","date_gmt":"2021-06-17T12:51:47","guid":{"rendered":"https:\/\/cadvegra.com\/privacy-policy\/"},"modified":"2021-09-24T18:31:44","modified_gmt":"2021-09-24T18:31:44","slug":"confidentialitate","status":"publish","type":"page","link":"https:\/\/cadvegra.com\/ro\/confidentialitate\/","title":{"rendered":"Confiden\u021bialitate"},"content":{"rendered":"<p>[vc_row][vc_column][vc_column_text]<\/p>\n<div id=\"main-content\">\n<article id=\"post-5598\" class=\"post-5598 page type-page status-publish hentry\">\n<div class=\"entry-content\">\n<div id=\"et-boc\" class=\"et-boc\">\n<div class=\"et-l et-l--post\">\n<div class=\"et_builder_inner_content et_pb_gutters3\">\n<div class=\"et_pb_section et_pb_section_2 et_section_regular\">\n<div class=\"et_pb_row et_pb_row_1\">\n<div class=\"et_pb_column et_pb_column_4_4 et_pb_column_1 et_pb_css_mix_blend_mode_passthrough et-last-child\">\n<div class=\"et_pb_module et_pb_text et_pb_text_1 et_pb_text_align_left et_pb_bg_layout_light\">\n<div class=\"et_pb_text_inner\">\n<p>Conform cerin\u0163elor Regulamentului General de Protec\u021bia Datelor (UE) 2016\/679 pentru protec\u0163ia persoanelor cu privire la prelucrarea datelor cu caracter personal \u015fi libera circula\u0163ie a acestor date, modificat\u0103 \u015fi completat\u0103, S.C. Vegra Info SRL are obliga\u0163ia de a administra \u00een condi\u0163ii de siguran\u0163\u0103 \u015fi numai pentru scopurile specificate, datele personale pe care ni le furniza\u0163i despre dumneavoastr\u0103 prin completarea urmatoarelor campuri din formularul on-line: nume complet (nume \u015fi penume), companie (societatea la care sunte\u0163i angajat), func\u0163ie, adresa e-mail, num\u0103r telefon.<\/p>\n<p>Scopul colect\u0103rii datelor este: furnizare de bunuri \u015fi servicii, reclam\u0103, marketing, publicitate si statistic\u0103.<\/p>\n<p>Nu sunte\u0163i obligat(\u0103) s\u0103 furniza\u0163i datele. Refuzul dumneavoastr\u0103 determin\u0103 \u00eens\u0103 imposibilitatea derul\u0103rii activit\u0103\u0163ilor pentru scopurile mai sus indicate.<\/p>\n<p>Informa\u0163iile \u00eenregistrate sunt destinate utiliz\u0103rii de c\u0103tre S.C. Vegra Info SRL direct (in calitate de operator) sau prin furnizorii acestuia SC Web Media Marketing SRL.<\/p>\n<p>Conform Regulamentului General de Protec\u021bia Datelor (UE) 2016\/679, beneficia\u0163i de dreptul de acces, de interven\u0163ie asupra datelor, dreptul de a nu fi supus unei decizii individuale \u015fi dreptul de a v\u0103 adresa justi\u0163iei. Totodat\u0103, ave\u0163i dreptul s\u0103 v\u0103 opune\u0163i prelucr\u0103rii datelor personale care v\u0103 privesc \u015fi s\u0103 solicita\u0163i \u015ftergerea datelor. Pentru exercitarea acestor drepturi, v\u0103 pute\u0163i adresa cu o cerere scris\u0103, datat\u0103 \u015fi semnat\u0103 la adresa de e-mail: <strong>office@3dcadvegra.com<\/strong>. De asemenea, v\u0103 este recunoscut dreptul de a v\u0103 adresa justi\u0163iei.<\/p>\n<p>Dac\u0103 unele din datele despre dumneavoastr\u0103 sunt incorecte, v\u0103 rug\u0103m s\u0103 ne informa\u0163i c\u00e2t mai cur\u00e2nd posibil.<\/p>\n<p><em>Observa\u0163ie:<\/em><br \/>\n<em><strong>*<\/strong>orice persoan\u0103 are dreptul de a se opune, pentru motive legitime, la prelucrarea datelor ce o privesc. Acest drept de opozi\u0163ie poate fi exclus pentru anumite prelucr\u0103ri prev\u0103zute de lege (de ex.: prelucr\u0103ri efectuate de serviciile financiare \u015fi fiscale, de poli\u0163ie, justi\u0163ie, securitate social\u0103). Prin urmare, aceast\u0103 men\u0163iune nu poate figura dac\u0103 prelucrarea are un caracter obligatoriu;<\/em><br \/>\n<em><strong>*<\/strong>orice persoan\u0103 are, de asemenea, dreptul de a se opune, \u00een mod gratuit \u015fi f\u0103r\u0103 nici o justificare, la prelucrarea datelor sale personale \u00een scopuri de marketing direct.<\/em><\/p>\n<p><strong>Modific\u0103ri ale documentului<\/strong><\/p>\n<p>Aceast\u0103 Informare privind prelucrarea datelor cu caracter personal este actualizat\u0103 periodic; ori de c\u00e2te ori vom face o modificare, o vom afi\u0219a pe site-ul nostru www.cadvegra.com \u0219i v\u0103 vom anun\u021ba.<\/p>\n<p><strong>Data ultimei actualiz\u0103ri: iunie 2021<\/strong><\/p>\n<h3><strong>Modul de utilizare al acestei inform\u0103ri<\/strong><\/h3>\n<p>\u00cen aceast\u0103 informare, explic\u0103m modul \u00een care procesam, inclusiv colect\u0103m, utiliz\u0103m, facem schimb de \u0219i protej\u0103m datele dumneavoastr\u0103 cu caracter personal, atunci c\u00e2nd utiliza\u021bi produsele \u0219i serviciile noastre, precum \u0219i site-ul nostru web.<\/p>\n<h3><strong>Cine suntem<\/strong><\/h3>\n<p>\u00cen aceast\u0103 Informare privind prelucrarea datelor cu caracter personal:<\/p>\n<ul>\n<li>\u201enoi\/al nostru\u201d \u00eenseamn\u0103 <strong>SC Vegra Info SRL<\/strong>.;<\/li>\n<li>\u201eter\u021b\u0103 parte\u201d \u00eenseamn\u0103 altcineva dec\u00e2t noi sau dvs.; \u0219i<\/li>\n<\/ul>\n<p>Sediul nostru social este situat la adresa <strong>Str. Lt. Stefan Marinescu nr.9, et.1, Sector 6, Bucure\u0219ti, Rom\u00e2nia.<\/strong> Suntem \u00eenregistra\u021bi \u00een Romania sub nr. <strong>J40\/23021\/1994<\/strong> cu numele <strong>SC Vegra Info SRL.<\/strong><\/p>\n<p>Num\u0103rul nostru de telefon este <strong>0213118829<\/strong> sau ne pute\u021bi trimite un e-mail folosind formularul de asisten\u021ba de pe site-ul nostru<strong> www.cadvegra.com.<\/strong><\/p>\n<h3><strong>Cum ne pute\u021bi contacta<\/strong><\/h3>\n<p>Opinia dumneavoastr\u0103 este important\u0103 pentru noi \u2013 dac\u0103 ave\u021bi \u00eentreb\u0103ri cu privire la informarea privind prelucrarea datelor cu caracter personal, ne pute\u021bi trimite un e-mail folosind formularul de asisten\u021ba de pe site-ul nostru <strong>www.cadvegra.com.<\/strong><\/p>\n<h3><strong>Principiile noastre<\/strong><\/h3>\n<p><strong>SC Vegra Info SRL<\/strong> \u0219i-a luat angajamentul s\u0103 v\u0103 respecte via\u021ba privat\u0103. Lu\u0103m \u00een serios protec\u021bia datelor, securitatea \u0219i conformarea cu legisla\u021bia privind protec\u021bia datelor cu caracter personal \u0219i a vie\u021bii private.<\/p>\n<h3><strong>Elementele de baz\u0103<\/strong><\/h3>\n<p>Datele cu caracter personal pe care le colect\u0103m cu privire la dumneavoastr\u0103.<\/p>\n<p>Informa\u021biile pe care le colect\u0103m cu privire la dumneavoastr\u0103 \u0219i modul \u00een care le colect\u0103m pot varia \u00een func\u021bie de produsele \u0219i serviciile pe care le utiliza\u021bi \u0219i la care subscrie\u021bi, modul \u00een care a\u021bi utilizat produsele \u0219i serviciile \u0219i modul \u00een care a\u021bi interac\u021bionat cu <strong>SC Vegra Info SRL<\/strong> chiar dac\u0103 nu sunte\u021bi client, sau ceea ce am ob\u021binut de la o ter\u021b\u0103 parte care avea permisiunea de a face schimb de informa\u021bii cu noi.<\/p>\n<p><strong>SC Vegra Info SRL<\/strong> va prelucra datele dumneavoastr\u0103 cu caracter personal \u00een baza urm\u0103toarelor:<\/p>\n<ol>\n<li><strong>Executarea sau \u00eencheierea contractului cu dumneavoastr\u0103\u00a0<\/strong>\u0219i pentru a da curs solicit\u0103rilor dumneavoastr\u0103.<\/li>\n<li><strong>Interesele comerciale legitime ale SC Vegra Info SRL<\/strong>, de exemplu, prevenirea fraudelor, men\u021binerea securit\u0103\u021bii re\u021belei \u0219i a serviciilor noastre, marketing direct \u0219i \u00eembun\u0103t\u0103\u021birea serviciilor noastre. Ori de c\u00e2te ori ne baz\u0103m pe acest temei juridic pentru a prelucra datele dumneavoastr\u0103, evalu\u0103m interesele noastre comerciale pentru a ne asigura c\u0103 acestea nu prevaleaz\u0103 asupra drepturilor dumneavoastr\u0103. \u00cen plus, \u00een unele cazuri ave\u021bi dreptul de a v\u0103 opune acestei prelucr\u0103ri.<\/li>\n<li><strong>Conformarea cu o cerin\u021b\u0103 legal\u0103 imperativ\u0103<\/strong>, inclusiv, de exemplu, cerin\u021be contabile \u0219i fiscale, care fac obiectul unor politici interne stricte (cum ar fi perioadele contractuale).<\/li>\n<li><strong>Consim\u021b\u0103m\u00e2ntul pe care \u00eel acorda\u021bi<\/strong>\u00a0atunci c\u00e2nd <strong>SC Vegra Info SRL<\/strong> nu se bazeaz\u0103 pe alt temei legal. Consim\u021b\u0103m\u00e2ntul poate fi retras \u00een orice moment.<\/li>\n<\/ol>\n<p>Vom colecta datele dumneavoastr\u0103 cu caracter personal atunci c\u00e2nd, de exemplu:<\/p>\n<ul>\n<li>Cump\u0103ra\u021bi oricare dintre produsele \u0219i serviciile noastre;<\/li>\n<li>V\u0103 \u00eenregistra\u021bi pentru un anumit produs sau serviciu;<\/li>\n<li>V\u0103 abona\u021bi la newsletter, alerte sau alte servicii oferite de noi;<\/li>\n<li>Ne contacta\u021bi prin diverse canale (de exemplu prin chat), sau ne solicita\u021bi informa\u021bii \u00een leg\u0103tur\u0103 cu un produs sau serviciu;<\/li>\n<li>Lua\u021bi parte la o competi\u021bie, tragere la sor\u021bi sau studiu;<\/li>\n<li>Vizita\u021bi sau naviga\u021bi pe site-ul nostru<\/li>\n<li>Atunci c\u00e2nd datele dumneavoastr\u0103 cu caracter personal sunt publice;<\/li>\n<\/ul>\n<p>Utiliz\u0103m cookie-uri (fi\u0219iere text de mici dimensiuni stocate \u00een browser-ul dumneavoastr\u0103) \u0219i alte tehnici cum ar fi web beacons (fi\u0219iere de tip imagine mici, transparente utilizate pentru a urm\u0103ri mi\u0219c\u0103rile dumneavoastr\u0103 pe site-ul nostru). Pentru detalii suplimentare \u00een acest sens \u0219i \u00een leg\u0103tur\u0103 cu modul de a opta pentru renun\u021barea la acestea, v\u0103 rug\u0103m s\u0103 consulta\u021bi sec\u021biunea Cookie-uri pe site-ul nostru <strong>www.cadvegra.com<\/strong>.<\/p>\n<p>Vom utiliza datele dvs. cu caracter personal \u00een urm\u0103toarele scopuri:<\/p>\n<ol>\n<li><strong>Pentru prestarea serviciului nostru<\/strong><\/li>\n<\/ol>\n<ul>\n<li>Pentru prelucrarea produselor \u0219i serviciilor pe care le-a\u021bi achizi\u021bionat de la noi, precum \u0219i pentru a v\u0103 \u021bine la curent cu evolu\u021bia comenzii dumneavoastr\u0103;<\/li>\n<\/ul>\n<p>Facturare \u0219i rela\u021bii cu clien\u021bii<\/p>\n<ul>\n<li>Pentru a v\u0103 factura pentru utilizarea produselor \u0219i serviciilor noastre.<\/li>\n<li>Pentru a v\u0103 contacta \u00een cazul \u00een care datele de facturare pe care ni le-a\u021bi furnizat sunt pe cale s\u0103 expire sau nu putem \u00eencasa plata;<\/li>\n<li>Pentru a r\u0103spunde la orice \u00eentreb\u0103ri sau preocup\u0103ri pe care le pute\u021bi avea \u00een leg\u0103tur\u0103 cu produsele sau serviciile noastre.<\/li>\n<\/ul>\n<ol start=\"2\">\n<li><strong>Pentru \u00eembun\u0103t\u0103\u021birea serviciilor pe care vi le oferim<\/strong><\/li>\n<\/ol>\n<p>\u00cembun\u0103t\u0103\u021biri \u0219i inova\u021bii privind produsele \u0219i serviciile noastre<\/p>\n<ul>\n<li>Colect\u0103m informa\u021bii anonime, f\u0103r\u0103 elemente de identificare sau agregate \u00een scopul \u00eembun\u0103t\u0103\u021birii serviciilor pe care le oferim tuturor. Niciuna dintre aceste date analitice nu poate duce la identificarea dumneavoastr\u0103.<\/li>\n<\/ul>\n<ol start=\"3\">\n<li><strong>Marketing \u0219i individualizarea serviciilor pe care vi le oferim<\/strong><\/li>\n<\/ol>\n<p>Marketing<\/p>\n<ul>\n<li>\u00cen calitate de client al nostru, dac\u0103 v-a\u021bi dat consim\u021b\u0103m\u00e2ntul, v\u0103 vom \u021bine la curent \u00een general cu privire la noile produse \u0219i servicii, v\u0103 vom trimite newslettere informative, v\u0103 vom invita s\u0103 participa\u021bi la evenimentele tematice sau la cursurile autorizate sau v\u0103 vom informa cu privire la oferte \u0219i promo\u021bii.<\/li>\n<li>Pute\u021bi controla permisiunile dumneavoastr\u0103 de marketing \u0219i datele pe care le utiliz\u0103m pentru individualizarea acestor comunic\u0103ri \u00een orice moment vizit\u00e2nd site-ul nostru\u00a0<strong><u>www.cadvegra.com<\/u>\u00a0<\/strong>sau contact\u00e2ndu-ne la <strong>0213118829<\/strong> ori prin email la <strong>connect@cadvegra.com<\/strong><\/li>\n<\/ul>\n<p>Publicitate online<\/p>\n<ul>\n<li>Pentru a v\u0103 transmite o publicitate relevant\u0103 pentru dumneavoastr\u0103, ve\u021bi vedea, de asemenea, publicitate \u021bintit\u0103 online \u00een baza utiliz\u0103rii cookie-urilor. Aceasta este cunoscut\u0103 sub denumirea de publicitate pe baz\u0103 de interese. Poate fi f\u0103cut\u0103 pe site-ul <strong>www.cadvegra.com<\/strong>, pe site-uri ale altor organiza\u021bii, precum \u0219i alte canale media online, cum ar fi site-uri de re\u021bele sociale. De asemenea, putem combina date colectate prin intermediul cookie-urilor cu alte date pe care le-am colectat. Dac\u0103 nu dori\u021bi prelucrarea niciunor informa\u021bii prin utilizarea cookie-urilor, verifica\u021bi sec\u021biunea noastr\u0103 Cookie-uri de pe site-ul <strong>www.cadvegra.com<\/strong>. Aceasta explic\u0103 modul de a controla \u0219i de a opta pentru a nu accepta cookie-uri.<\/li>\n<li>Aminti\u021bi-v\u0103 c\u0103 a opta pentru renun\u021barea la publicitatea pe baz\u0103 de interese nu va opri afi\u0219area reclamelor \u2013 dar acestea nu vor mai fi individualizate \u00een func\u021bie de interesele dumneavoastr\u0103.<\/li>\n<\/ul>\n<h3><strong>Managementul fraudelor \u0219i aplicarea legii<\/strong><\/h3>\n<ul>\n<li>Vom dezv\u0103lui informa\u021bii dac\u0103 acest lucru este justificat \u00een scopul de a ne proteja \u00eempotriva fraudelor, a ne ap\u0103ra drepturile sau proprietatea, sau a proteja interesele clien\u021bilor no\u0219tri.<\/li>\n<li>De asemenea, este posibil s\u0103 fie necesar s\u0103 dezv\u0103luim informa\u021biile dumneavoastr\u0103 pentru a ne conforma obliga\u021biei legale de a r\u0103spunde la cererile legale ale autorit\u0103\u021bilor, Datele dumneavoastr\u0103 cu caracter personal vor fi comunicate doar atunci c\u00e2nd consider\u0103m, cu bun\u0103 credin\u021b\u0103, c\u0103 avem obliga\u021bia de a face acest lucru \u00een conformitate cu legea \u0219i \u00een baza unei evalu\u0103ri exhaustive a tuturor cerin\u021belor legale.<\/li>\n<\/ul>\n<h3><strong>Fuziuni \u0219i achizi\u021bii<\/strong><\/h3>\n<p>Dac\u0103 trecem printr-o procedur\u0103 de reorganizare sau de v\u00e2nzare c\u0103tre o alt\u0103 organiza\u021bie, vom comunica informa\u021biile dumneavoastr\u0103 c\u0103tre acea organiza\u021bie.<\/p>\n<h3><strong>Ter\u021bele p\u0103r\u021bi cu care lucr\u0103m<\/strong><\/h3>\n<p>Dac\u0103 a\u021bi achizi\u021bionat produse \u0219i servicii ale <strong>SC Vegra Info SRL<\/strong> utiliz\u00e2nd o ter\u021b\u0103 parte sau o organiza\u021bie partener\u0103, de multe ori trebuie s\u0103 facem schimb de informa\u021bii cu acestea ca parte a ac\u021biunii de administrare a acelei rela\u021bii \u0219i a contului dumneavoastr\u0103 \u2013 de exemplu, pentru identificarea comenzii dumneavoastr\u0103 \u0219i pentru a face plata c\u0103tre aceste ter\u021be p\u0103r\u021bi sau organiza\u021bii.<\/p>\n<p>Dac\u0103 am \u00eencheiat un contract cu un prestator de servicii sau contractant pentru a ne presta servicii sau a presta un serviciu \u00een numele nostru, iar ace\u0219tia pot avea acces la datele dumneavoastr\u0103 cu caracter personal, nu \u00eei autoriz\u0103m s\u0103 utilizeze sau s\u0103 dezv\u0103luie datele dumneavoastr\u0103 cu caracter personal dec\u00e2t \u00een leg\u0103tur\u0103 cu prestarea serviciilor lor.<\/p>\n<p>Colect\u0103m \u0219i combin\u0103m informa\u021bii \u00een scopul de a monitoriza utilizarea de c\u0103tre dumneavoastr\u0103 a produselor \u0219i serviciilor, precum \u0219i utilizarea acestora de c\u0103tre ceilal\u021bi clien\u021bi ai no\u0219tri, precum \u0219i pentru a ne ajuta s\u0103 \u00eembun\u0103t\u0103\u021bim calitatea produselor \u0219i serviciilor oferite. Furniz\u0103m aceste informa\u021bii unor ter\u021be p\u0103r\u021bi (de exemplu, furnizorilor de con\u021binut \u0219i agen\u021biilor de publicitate), dar nicio astfel de raportare c\u0103tre o ter\u021b\u0103 parte nu va include informa\u021bii ce pot identifica un client individual.<\/p>\n<p>Durata de p\u0103strare a datelor dumneavoastr\u0103 cu caracter personal<\/p>\n<p>Vom stoca informa\u021biile dumneavoastr\u0103 at\u00e2t timp c\u00e2t ni se cere prin lege. Dac\u0103 nu exist\u0103 nicio cerin\u021b\u0103 legal\u0103, le vom stoca doar at\u00e2t timp c\u00e2t este necesar.<\/p>\n<p>Cu excep\u021bia situa\u021biei \u00een care legea prevede altfel, de regul\u0103 vom prelucra datele dumneavoastr\u0103 pe perioada existen\u021bei unui contract \u00eentre dumneavoastr\u0103 \u0219i <strong>SC VEGRA INFO SRL<\/strong>.<\/p>\n<h3><strong>Drepturile dumneavoastr\u0103<\/strong><\/h3>\n<p>Dreptul de rectificare a datelor cu caracter personal<\/p>\n<p>Ave\u021bi dreptul de a rectifica datele de\u021binute \u00een leg\u0103tur\u0103 cu dumneavoastr\u0103, dac\u0103 acestea nu sunt corecte. Dac\u0103 datele pe care le de\u021binem cu privire la dumneavoastr\u0103 trebuie actualizate sau \u00een cazul \u00een care considera\u021bi c\u0103 acestea pot fi incorecte, ne pute\u021bi contacta la telefon: <strong>0213118829<\/strong> sau prin email: <strong>connect@cadvegra.com<\/strong>.<\/p>\n<h3><strong>Dreptul de opozi\u021bie la utilizarea datelor cu caracter personal<\/strong><\/h3>\n<p>\u00cen anumite circumstan\u021be, ave\u021bi dreptul de a v\u0103 opune prelucr\u0103rii de c\u0103tre <strong>SC Vegra Info SRL<\/strong> a datelor dumneavoastr\u0103 cu caracter personal.<\/p>\n<p><em>Pentru a nu mai primi mesaje de marketing:<\/em><\/p>\n<p>Dac\u0103 nu dori\u021bi s\u0103 mai primi\u021bi mesaje de marketing din partea <strong>SC Vegra Info SRL<\/strong> privind serviciile \u0219i produsele noastre \u0219i\/sau ale partenerilor no\u0219tri, pute\u021bi opta pentru a renun\u021ba la toate comunic\u0103rile de marketing.<\/p>\n<p>Exist\u0103 diverse metode de a renun\u021ba la primirea mesajelor de marketing:<\/p>\n<ul>\n<li>Contacta\u021bi-ne la telefon <strong>0213118829<\/strong> sau prin email: <strong>connect@cadvegra.com<\/strong>;<\/li>\n<li>Face\u021bi clic pe link-ul Unsubscribe de la sf\u00e2r\u0219itul unui e-mail sau text de marketing pentru a v\u0103 dezabona;<\/li>\n<li>Spune\u021bi-i consultantului dac\u0103 primi\u021bi un apel de marketing;<\/li>\n<li>Trimite\u021bi un e-mail folosind formularul de asisten\u021ba de pe site-ul nostrum<strong>\u00a0www.cadvegra.com<\/strong>.<\/li>\n<\/ul>\n<p>Pentru administrarea cookie-urilor \u0219i o mai bun\u0103 \u00een\u021belegere a ceea ce sunt acestea:<\/p>\n<p>Dori\u021bi s\u0103 dezactiva\u021bi un cookie sau s\u0103 \u00een\u021belege\u021bi mai multe cu privire la natura acestora? Consulta\u021bi sec\u021biunea Cookie-uri pe site-ul nostru <strong>www.cadvegra.com<\/strong> pentru detalii complete \u00een acest sens.<\/p>\n<h3><strong>Cum s\u0103 \u00eenainta\u021bi o pl\u00e2ngere<\/strong><\/h3>\n<p>Dac\u0103 dori\u021bi s\u0103 ne contacta\u021bi \u00een leg\u0103tur\u0103 cu oricare dintre drepturile dumneavoastr\u0103 sau s\u0103 face\u021bi o pl\u00e2ngere \u00een leg\u0103tur\u0103 cu modul \u00een care utiliz\u0103m datele dumneavoastr\u0103 cu caracter personal, v\u0103 rug\u0103m s\u0103 ne contacta\u021bi prin telefon <strong>0213118829<\/strong> sau trimite\u021bi-ne un e-mail folosind formularul de asisten\u021ba de pe site-ul nostru,\u00a0<strong>www.cadvegra.com<\/strong>. Vom face toate eforturile pentru a ajuta, dar dac\u0103 ave\u021bi \u00een continuare nemul\u021bumiri, pute\u021bi contacta Autoritatea Na\u021bional\u0103 de Supraveghere a Prelucr\u0103rii Datelor cu Caracter Personal\u2013 datele de contact se g\u0103sesc la adresa www.dataprotection.ro.<\/p>\n<h3><strong>Dreptul de \u0219tergere<\/strong><\/h3>\n<p><strong>SC Vegra Info SRL<\/strong> urm\u0103re\u0219te s\u0103 prelucreze \u0219i s\u0103 p\u0103streze datele dumneavoastr\u0103 doar at\u00e2t timp c\u00e2t acest lucru este necesar. \u00cen anumite circumstan\u021be, ave\u021bi dreptul de a ne solicita s\u0103 \u0219tergem datele dumneavoastr\u0103 cu caracter personal pe care le de\u021binem.<\/p>\n<\/div>\n<\/div>\n<\/div>\n<\/div>\n<\/div>\n<\/div>\n<\/div>\n<\/div>\n<\/div>\n<\/article>\n<\/div>\n<footer id=\"main-footer\">\n<div class=\"container\">\n<div id=\"footer-widgets\" class=\"clearfix\">\n<div class=\"footer-widget\">\n<div id=\"custom_html-2\" class=\"widget_text fwidget et_pb_widget widget_custom_html\"><\/div>\n<\/div>\n<\/div>\n<\/div>\n<\/footer>\n<p>[\/vc_column_text][\/vc_column][\/vc_row]<\/p>\n","protected":false},"excerpt":{"rendered":"<p>[vc_row][vc_column][vc_column_text] Conform cerin\u0163elor Regulamentului General de Protec\u021bia Datelor (UE) 2016\/679 pentru protec\u0163ia persoanelor cu privire la prelucrarea datelor cu caracter personal \u015fi libera circula\u0163ie a acestor date, modificat\u0103 \u015fi completat\u0103, S.C. Vegra Info SRL are obliga\u0163ia de a administra \u00een condi\u0163ii de siguran\u0163\u0103 \u015fi numai pentru scopurile specificate, datele personale pe care ni le furniza\u0163i<\/p>\n","protected":false},"author":1,"featured_media":0,"parent":0,"menu_order":0,"comment_status":"closed","ping_status":"closed","template":"","meta":[],"_links":{"self":[{"href":"https:\/\/cadvegra.com\/ro\/wp-json\/wp\/v2\/pages\/7868"}],"collection":[{"href":"https:\/\/cadvegra.com\/ro\/wp-json\/wp\/v2\/pages"}],"about":[{"href":"https:\/\/cadvegra.com\/ro\/wp-json\/wp\/v2\/types\/page"}],"author":[{"embeddable":true,"href":"https:\/\/cadvegra.com\/ro\/wp-json\/wp\/v2\/users\/1"}],"replies":[{"embeddable":true,"href":"https:\/\/cadvegra.com\/ro\/wp-json\/wp\/v2\/comments?post=7868"}],"version-history":[{"count":1,"href":"https:\/\/cadvegra.com\/ro\/wp-json\/wp\/v2\/pages\/7868\/revisions"}],"predecessor-version":[{"id":7915,"href":"https:\/\/cadvegra.com\/ro\/wp-json\/wp\/v2\/pages\/7868\/revisions\/7915"}],"wp:attachment":[{"href":"https:\/\/cadvegra.com\/ro\/wp-json\/wp\/v2\/media?parent=7868"}],"curies":[{"name":"wp","href":"https:\/\/api.w.org\/{rel}","templated":true}]}}