{"id":7867,"date":"2021-06-24T09:51:10","date_gmt":"2021-06-24T09:51:10","guid":{"rendered":"https:\/\/cadvegra.com\/facility-management\/"},"modified":"2021-09-24T19:54:02","modified_gmt":"2021-09-24T19:54:02","slug":"facility-management","status":"publish","type":"page","link":"https:\/\/cadvegra.com\/ro\/facility-management\/","title":{"rendered":"Facility Management"},"content":{"rendered":"<p>[vc_row full_width=&#8221;stretch_row&#8221; css=&#8221;.vc_custom_1624538483555{background-image: url(https:\/\/cadvegra.com\/wp-content\/uploads\/2021\/06\/head_cfm-2.jpg?id=7644) !important;background-position: center !important;background-repeat: no-repeat !important;background-size: cover !important;}&#8221;][vc_column css_animation=&#8221;fadeInLeft&#8221; width=&#8221;1\/2&#8243;][stm_spacing lg_spacing=&#8221;200&#8243; md_spacing=&#8221;280&#8243; sm_spacing=&#8221;240&#8243; xs_spacing=&#8221;200&#8243;][vc_custom_heading stripe_pos=&#8221;hide&#8221; text=&#8221;Servicii de consultan\u021b\u0103 \u00een managementul propriet\u0103\u021bilor imobiliare&#8221; font_container=&#8221;tag:h1|font_size:60|text_align:left|color:%23ffffff&#8221; use_theme_fonts=&#8221;yes&#8221;][vc_column_text]<\/p>\n<h5><span style=\"color: #ffffff;\">\u00cen multe cazuri, companiilor le este dificil s\u0103 \u00een\u021beleag\u0103 informa\u021biile oferite de furnizorii de servicii tehnice \u0219i de contractori sau s\u0103 aib\u0103 certitudinea c\u0103 acestea sunt corecte \u0219i sigure. Echipa noastr\u0103 de ingineri cu experien\u021b\u0103 \u0219i calificare \u00een industria <strong>Managementului Propriet\u0103\u021bilor Imobiliare<\/strong> ne permite s\u0103 ac\u021bion\u0103m \u00een calitate de consilier de \u00eencredere \u00een aceste chestiuni \u0219i te ghid\u0103m \u00een acest proces.<\/span><\/h5>\n<p>[\/vc_column_text][vc_btn title=&#8221;Lucreaz\u0103 cu noi&#8221; style=&#8221;flat&#8221; color=&#8221;theme_style_4&#8243; size=&#8221;lg&#8221; i_align=&#8221;right&#8221; i_icon_fontawesome=&#8221;stm-right-arrow&#8221; add_icon=&#8221;true&#8221; link=&#8221;url:%23CTA&#8221;][stm_spacing lg_spacing=&#8221;217&#8243; md_spacing=&#8221;200&#8243; sm_spacing=&#8221;180&#8243; xs_spacing=&#8221;160&#8243;][\/vc_column][vc_column width=&#8221;1\/2&#8243;][\/vc_column][\/vc_row][vc_row full_width=&#8221;stretch_row_content_no_spaces&#8221;][vc_column][stm_spacing lg_spacing=&#8221;90&#8243; md_spacing=&#8221;90&#8243; sm_spacing=&#8221;70&#8243; xs_spacing=&#8221;70&#8243;][stm_image_carousel grayscale=&#8221;yes&#8221; h_centered=&#8221;yes&#8221; img_size=&#8221;900&#215;640&#8243; autoplay=&#8221;yes&#8221; loop=&#8221;yes&#8221; items=&#8221;8&#8243; items_small_desktop=&#8221;2&#8243; items_tablet=&#8221;2&#8243; images=&#8221;7618,7620,7622,7624,7626,7628,7630,7653&#8243;][stm_spacing lg_spacing=&#8221;90&#8243; md_spacing=&#8221;90&#8243; sm_spacing=&#8221;70&#8243; xs_spacing=&#8221;70&#8243;][\/vc_column][\/vc_row][vc_row full_width=&#8221;stretch_row&#8221; css_animation=&#8221;none&#8221; css=&#8221;.vc_custom_1624577443141{padding-top: 47px !important;padding-bottom: 18px !important;background-color: #f2f2f2 !important;}&#8221;][vc_column][stm_spacing lg_spacing=&#8221;25&#8243; md_spacing=&#8221;15&#8243; sm_spacing=&#8221;10&#8243;][vc_custom_heading text=&#8221;F\u0103 echip\u0103 cu noi la urm\u0103torul t\u0103u proiect MPI.&#8221; font_container=&#8221;tag:h2|text_align:center&#8221; use_theme_fonts=&#8221;yes&#8221; css=&#8221;.vc_custom_1632512612740{margin-bottom: 40px !important;}&#8221;][stm_spacing lg_spacing=&#8221;25&#8243; md_spacing=&#8221;15&#8243; sm_spacing=&#8221;10&#8243;][vc_row_inner css=&#8221;.vc_custom_1452839824807{margin-bottom: 27px !important;}&#8221;][vc_column_inner width=&#8221;1\/2&#8243;][stm_icon_box icon=&#8221;fas fa-poll-h&#8221; icon_size=&#8221;26&#8243; icon_color=&#8221;custom&#8221; icon_color_custom=&#8221;#ffffff&#8221; title=&#8221;Cartografierea cl\u0103dirilor&#8221;]M\u0103sur\u0103m \u0219i convertim datele topografice \u00eentr-un format la alegere, astfel \u00eenc\u00e2t tu s\u0103 ai un proces complet de audit \u0219i s\u0103 po\u021bi utiliza informa\u021biile imediat. Cu \u00eenregistr\u0103ri actualizate, te putem ajuta s\u0103 generezi \u0219i s\u0103 men\u021bii un plan cuprinz\u0103tor de gestionare a activelor, pentru a ne asigura c\u0103 portofoliul t\u0103u de propriet\u0103\u021bi func\u021bioneaz\u0103 cu o eficien\u021b\u0103 optim\u0103. Serviciile sunt oferite \u00een fiecare etap\u0103 a ciclului de dezvoltare \u0219i ca parte a auditului tehnic.[\/stm_icon_box][\/vc_column_inner][vc_column_inner width=&#8221;1\/2&#8243;][stm_icon_box icon=&#8221;fas fa-ruler-combined&#8221; icon_size=&#8221;26&#8243; icon_color=&#8221;custom&#8221; icon_color_custom=&#8221;#ffffff&#8221; title=&#8221;Analiza spa\u021biului&#8221;]Analiza spa\u021biului include m\u0103surarea spa\u021biului \u00een interiorul cl\u0103dirii, desene AutoCAD bazate pe m\u0103sur\u0103tori, desene CAD cu planuri de spa\u021biu, rapoarte de analiz\u0103 de generare a spa\u021biului. Ca date ini\u021biale, putem folosi \u0219i fi\u0219iere scanate, schi\u021be realizate manual, imagini din loca\u021bii sau desene 2D existente \u0219i putem genera desene \u00een orice standard interna\u021bional pentru diferite tipuri de cl\u0103diri.[\/stm_icon_box][\/vc_column_inner][\/vc_row_inner][vc_row_inner css=&#8221;.vc_custom_1452839938467{margin-bottom: 27px !important;}&#8221;][vc_column_inner width=&#8221;1\/2&#8243;][stm_icon_box icon=&#8221;fas fa-pencil-ruler&#8221; icon_size=&#8221;26&#8243; icon_color=&#8221;custom&#8221; icon_color_custom=&#8221;#ffffff&#8221; title=&#8221;Planificarea spa\u021biului&#8221;]Colabor\u0103m cu tine pentru a \u00een\u021belege, planifica, proiecta \u0219i dezvolta spa\u021bii de lucru excelente, ce vor sprijini oamenii \u0219i obiectivele lor de afaceri, utiliz\u00e2nd eficient infrastructura ta. Acesta este un proces gradual care \u00eencepe prin a defini necesarul de spa\u021bii, a standardelor ce trebuie aplicate (utilizare, identitate corporativ\u0103), a fluxului de lucru intern \u0219i se termin\u0103 atunci c\u00e2nd totul este pus la punct conform standardelor definite.[\/stm_icon_box][\/vc_column_inner][vc_column_inner width=&#8221;1\/2&#8243;][stm_icon_box icon=&#8221;stm-stats&#8221; icon_size=&#8221;26&#8243; icon_color=&#8221;custom&#8221; icon_color_custom=&#8221;#ffffff&#8221; title=&#8221;Standardizarea spa\u021biului&#8221;]<\/p>\n<div class=\"et_pb_module et_pb_text et_pb_text_0 et_pb_bg_layout_light et_pb_text_align_left\">\n<div class=\"et_pb_text_inner\">\n<p>Indiferent c\u0103 este vorba de cump\u0103rare, v\u00e2nzare, leasing, repozi\u021bionare, asigurare sau doar monitorizarea unui portofoliu, m\u0103sur\u0103torile precise \u00een metri p\u0103tra\u021bi sunt necesare. De la colectarea ini\u021bial\u0103 a informa\u021biilor \u0219i p\u00e2n\u0103 la consultarea \u0219i livrarea final\u0103, ne concentr\u0103m pe precizia m\u0103sur\u0103rii \u0219i respectarea standardelor europene \u0219i interna\u021bionale (EN 15221 &#8211; 6; BOMA; NEN 2580; DIN 277; RICS).<\/p>\n<\/div>\n<\/div>\n<p>[\/stm_icon_box][\/vc_column_inner][\/vc_row_inner][vc_row_inner css=&#8221;.vc_custom_1452839938467{margin-bottom: 27px !important;}&#8221;][vc_column_inner width=&#8221;1\/2&#8243;][stm_icon_box icon=&#8221;fas fa-dolly-flatbed&#8221; icon_size=&#8221;26&#8243; icon_color=&#8221;custom&#8221; icon_color_custom=&#8221;#ffffff&#8221; title=&#8221;Managementul reloc\u0103rii&#8221;]Oferim solu\u021bii pentru a sprijini companiile \u00een procesul de relocare pentru a economisi timp, efort \u0219i bani. Rezolv\u0103m toate provoc\u0103rile generate de mutarea birourilor, ajut\u00e2ndu-te s\u0103 alegi cl\u0103direa potrivit\u0103, oferind servicii de evaluare a condi\u021biilor, dac\u0103 este necesar, planific\u00e2nd spa\u021biul \u00een func\u021bie de nevoile specifice ale companiei \u0219i superviz\u00e2nd \u00eentregul proces de implementare, pentru a ne asigura c\u0103 totul este pus la punct, gata de utilizare, mai bine, mai rapid \u0219i mai ieftin.[\/stm_icon_box][\/vc_column_inner][vc_column_inner width=&#8221;1\/2&#8243;][stm_icon_box icon=&#8221;fas fa-mouse&#8221; icon_size=&#8221;26&#8243; icon_color=&#8221;custom&#8221; icon_color_custom=&#8221;#ffffff&#8221; title=&#8221;Generarea de date CAFM&#8221;]Cuno\u0219tin\u021bele \u0219i expertiza noastr\u0103 \u00een domeniul cerin\u021belor de preg\u0103tire a desenelor pentru sistemele CAFM vor contribui la asigurarea unei preg\u0103tiri exacte a desenului \u0219i a unei reabilit\u0103ri rapide. CAD pentru serviciile de Facility Management \/ Generarea de date IWMS includ: inventarierea spa\u021biului privind personalul; mobilier \u0219i echipament pentru o cl\u0103dire; polilinii ale \u00eenc\u0103perii din desenele planurilor de nivel legate la software-ul CAFM; managementul materialelor.[\/stm_icon_box][\/vc_column_inner][\/vc_row_inner][vc_row_inner css=&#8221;.vc_custom_1452839938467{margin-bottom: 27px !important;}&#8221;][vc_column_inner][stm_spacing lg_spacing=&#8221;25&#8243; md_spacing=&#8221;15&#8243; sm_spacing=&#8221;10&#8243;][\/vc_column_inner][\/vc_row_inner][\/vc_column][\/vc_row][vc_row full_width=&#8221;stretch_row&#8221; css=&#8221;.vc_custom_1632498839750{padding-top: 47px !important;padding-bottom: 60px !important;background-color: #222831 !important;}&#8221; el_class=&#8221;overlay_4 fixed_bg&#8221;][vc_column][vc_custom_heading text=&#8221;C\u0103l\u0103toria fiec\u0103rui client este unic\u0103. De aceea, noi \u00eentotdeauna oferim:&#8221; font_container=&#8221;tag:h2|text_align:center|color:%23ffffff&#8221; use_theme_fonts=&#8221;yes&#8221; css=&#8221;.vc_custom_1632512845780{margin-bottom: 40px !important;}&#8221;][vc_row_inner][vc_column_inner width=&#8221;1\/3&#8243;][stm_info_box align_center=&#8221;yes&#8221; style=&#8221;style_2&#8243; title=&#8221;Consultan\u021b\u0103&#8221; css=&#8221;.vc_custom_1632512872111{padding-top: 10px !important;padding-right: 50px !important;padding-bottom: 36px !important;padding-left: 50px !important;}&#8221;]<\/p>\n<div class=\"et_pb_column et_pb_column_1_4 et_pb_column_19 et_pb_css_mix_blend_mode_passthrough\">\n<div class=\"et_pb_module et_pb_blurb et_pb_blurb_8 et_pb_bg_layout_light et_pb_text_align_center et_pb_blurb_position_top\">\n<div class=\"et_pb_blurb_content\">\n<div class=\"et_pb_blurb_container\">\n<div class=\"et_pb_blurb_description\">\n<p>\u00cempreun\u0103 cu exper\u021bii no\u0219tri, identifici oportunit\u0103\u021bile care decurg din procesul t\u0103u specific de afaceri \u0219i evaluezi impactul pe care acestea \u00eel au asupra afacerii tale, dar \u0219i efortul pe care \u00eel implic\u0103 abordarea lor.<\/p>\n<\/div>\n<\/div>\n<\/div>\n<\/div>\n<\/div>\n<p>[\/stm_info_box][\/vc_column_inner][vc_column_inner width=&#8221;1\/3&#8243;][stm_info_box align_center=&#8221;yes&#8221; style=&#8221;style_2&#8243; title=&#8221;\u00cen\u021belegere&#8221; css=&#8221;.vc_custom_1632512886639{padding-top: 10px !important;padding-right: 50px !important;padding-bottom: 36px !important;padding-left: 50px !important;}&#8221;]Dup\u0103 identificarea celor mai bune oportunit\u0103\u021bi, determin\u0103m un model de afaceri recunoscut reciproc, bazat pe situa\u021bia ta specific\u0103, combinat cu cele mai bune practici din cele mai relevante referin\u021be.[\/stm_info_box][\/vc_column_inner][vc_column_inner width=&#8221;1\/3&#8243;][stm_info_box align_center=&#8221;yes&#8221; style=&#8221;style_2&#8243; title=&#8221;Succes&#8221; css=&#8221;.vc_custom_1632512900836{padding-top: 10px !important;padding-right: 50px !important;padding-bottom: 36px !important;padding-left: 50px !important;}&#8221;]Depunem toate eforturile pentru a oferi rezultate ce-\u021bi vor dep\u0103\u0219i a\u0219tept\u0103rile \u0219i ad\u0103ug\u0103m valoare afacerii tale. Prin implementarea serviciilor noastre, vom \u00eencepe s\u0103 aducem schimb\u0103ri pozitive \u00een lumea ta de zi cu zi.[\/stm_info_box][\/vc_column_inner][\/vc_row_inner][\/vc_column][\/vc_row][vc_row][vc_column offset=&#8221;vc_hidden-lg vc_hidden-md vc_hidden-sm vc_hidden-xs&#8221;][stm_spacing lg_spacing=&#8221;81&#8243; md_spacing=&#8221;70&#8243; sm_spacing=&#8221;60&#8243; xs_spacing=&#8221;50&#8243;][vc_custom_heading stripe_pos=&#8221;hide&#8221; text=&#8221;What is better than real-world examples?&#8221; font_container=&#8221;tag:h2|font_size:36px|text_align:center|line_height:36px&#8221; use_theme_fonts=&#8221;yes&#8221;][stm_spacing lg_spacing=&#8221;11&#8243; md_spacing=&#8221;10&#8243; sm_spacing=&#8221;5&#8243; xs_spacing=&#8221;5&#8243;][vc_row_inner][vc_column_inner width=&#8221;1\/6&#8243;][\/vc_column_inner][vc_column_inner width=&#8221;2\/3&#8243;][vc_column_text]<\/p>\n<p style=\"text-align: center; font-size: 18px; line-height: 30px;\">Read our case studies to find out how we&#8217;ve helped clients transform their businesses.<\/p>\n<p>[\/vc_column_text][\/vc_column_inner][vc_column_inner width=&#8221;1\/6&#8243;][\/vc_column_inner][\/vc_row_inner][stm_spacing lg_spacing=&#8221;34&#8243; md_spacing=&#8221;25&#8243; sm_spacing=&#8221;20&#8243; xs_spacing=&#8221;15&#8243;][stm_works grid_style=&#8221;style_2&#8243; works_count=&#8221;4&#8243; cols=&#8221;4&#8243;][stm_spacing lg_spacing=&#8221;93&#8243; md_spacing=&#8221;70&#8243; sm_spacing=&#8221;60&#8243; xs_spacing=&#8221;50&#8243;][\/vc_column][\/vc_row][vc_row full_width=&#8221;stretch_row&#8221; css=&#8221;.vc_custom_1624552795194{background-image: url(https:\/\/cadvegra.com\/wp-content\/uploads\/2021\/06\/cta_fm-4.jpg?id=7662) !important;background-position: center !important;background-repeat: no-repeat !important;background-size: cover !important;}&#8221; el_id=&#8221;CTA&#8221;][vc_column][stm_spacing lg_spacing=&#8221;160&#8243; md_spacing=&#8221;70&#8243; sm_spacing=&#8221;60&#8243; xs_spacing=&#8221;50&#8243;][vc_row_inner][vc_column_inner width=&#8221;1\/3&#8243; offset=&#8221;vc_col-lg-5 vc_col-md-5&#8243;][vc_custom_heading text=&#8221;Suntem gata s\u0103 te ajut\u0103m!&#8221; font_container=&#8221;tag:h2|font_size:41px|text_align:left|color:%23ffffff|line_height:48px&#8221; use_theme_fonts=&#8221;yes&#8221;][stm_spacing lg_spacing=&#8221;40&#8243; md_spacing=&#8221;30&#8243; sm_spacing=&#8221;20&#8243; xs_spacing=&#8221;20&#8243;][vc_column_text]<span style=\"color: #fff; line-height: 22px;\">E\u0219ti preg\u0103tit s\u0103 discut\u0103m despre proiectul t\u0103u CAD &#038; GIS? Suntem aici s\u0103 ajut\u0103m! Trimite-ne un e-mail \u0219i \u00ee\u021bi vom r\u0103punde \u00een scurt timp sau sun\u0103-ne \u00eentre orele 8:00 \u0219i 18:00, de luni p\u00e2n\u0103 vineri &#8211; ne-ar face o mare pl\u0103cere s\u0103 st\u0103m de vorb\u0103.<\/span>[\/vc_column_text][stm_contacts_widget style=&#8221;style_2&#8243; email=&#8221;connect@cadvegra.com&#8221; phone=&#8221; 021 311 8829&#8243;][stm_spacing lg_spacing=&#8221;17&#8243; md_spacing=&#8221;15&#8243; sm_spacing=&#8221;15&#8243; xs_spacing=&#8221;15&#8243;][vc_column_text]<span style=\"color: #fff; font-size: 13px;\">Datele tale personale sunt \u00een siguran\u021b\u0103 conform<\/span> <a style=\"font-size: 13px; text-decoration: underline; color: #fff;\" href=\"\/ro\/confidentialitate\/\">Politicii de Confiden\u021bialitate.<\/a>[\/vc_column_text][stm_spacing lg_spacing=&#8221;17&#8243; md_spacing=&#8221;10&#8243; sm_spacing=&#8221;0&#8243; xs_spacing=&#8221;0&#8243;][\/vc_column_inner][vc_column_inner offset=&#8221;vc_col-lg-1 vc_col-md-1 vc_hidden-sm vc_hidden-xs&#8221;][\/vc_column_inner][vc_column_inner width=&#8221;1\/3&#8243; offset=&#8221;vc_col-lg-5 vc_col-md-5&#8243;]<div role=\"form\" class=\"wpcf7\" id=\"wpcf7-f7935-o1\" lang=\"ro-RO\" dir=\"ltr\">\n<div class=\"screen-reader-response\"><p role=\"status\" aria-live=\"polite\" aria-atomic=\"true\"><\/p> <ul><\/ul><\/div>\n<form action=\"\/ro\/wp-json\/wp\/v2\/pages\/7867#wpcf7-f7935-o1\" method=\"post\" class=\"wpcf7-form init\" novalidate=\"novalidate\" data-status=\"init\">\n<div style=\"display: none;\">\n<input type=\"hidden\" name=\"_wpcf7\" value=\"7935\" \/>\n<input type=\"hidden\" name=\"_wpcf7_version\" value=\"5.4\" \/>\n<input type=\"hidden\" name=\"_wpcf7_locale\" value=\"ro_RO\" \/>\n<input type=\"hidden\" name=\"_wpcf7_unit_tag\" value=\"wpcf7-f7935-o1\" \/>\n<input type=\"hidden\" name=\"_wpcf7_container_post\" value=\"0\" \/>\n<input type=\"hidden\" name=\"_wpcf7_posted_data_hash\" value=\"\" \/>\n<input type=\"hidden\" name=\"_wpcf7_recaptcha_response\" value=\"\" \/>\n<\/div>\n<div class=\"request_callback\">\n<div class=\"row\">\n<div class=\"col-lg-12 col-md-12 col-sm-12 col-xs-12 heading-font\" style=\"text-shadow: 1px 6px 8px #000000; color: #fff; font-size: 18px; line-height: 24px; margin-bottom: 13px;\">Vreau s\u0103 vorbesc cu un expert \u00een:<\/div>\n<div class=\"col-lg-12 col-md-12 col-sm-12 col-xs-12\">\n<div class=\"input-group\">\n                <span class=\"wpcf7-form-control-wrap services_consulting\"><select name=\"services_consulting\" class=\"wpcf7-form-control wpcf7-select\" aria-invalid=\"false\"><option value=\"\">Cartografierea cl\u0103dirilor<\/option><option value=\"Analiza spa\u021biului\">Analiza spa\u021biului<\/option><option value=\"Planificarea spa\u021biului\">Planificarea spa\u021biului<\/option><option value=\"Standardizarea spa\u021biului\">Standardizarea spa\u021biului<\/option><option value=\"Managementul reloc\u0103rii\">Managementul reloc\u0103rii<\/option><option value=\"Generarea de date CAFM\">Generarea de date CAFM<\/option><\/select><\/span>\n            <\/div>\n<\/div>\n<div class=\"col-lg-12 col-md-12 col-sm-12 col-xs-12\">\n<div class=\"input-group\">\n                <span class=\"wpcf7-form-control-wrap text-name\"><input type=\"text\" name=\"text-name\" value=\"\" size=\"40\" class=\"wpcf7-form-control wpcf7-text wpcf7-validates-as-required\" aria-required=\"true\" aria-invalid=\"false\" placeholder=\"Numele meu este\" \/><\/span>\n            <\/div>\n<\/div>\n<div class=\"col-lg-12 col-md-12 col-sm-12 col-xs-12\">\n<div class=\"input-group\">\n                <span class=\"wpcf7-form-control-wrap text-phone\"><input type=\"tel\" name=\"text-phone\" value=\"\" size=\"40\" class=\"wpcf7-form-control wpcf7-text wpcf7-tel wpcf7-validates-as-required wpcf7-validates-as-tel\" aria-required=\"true\" aria-invalid=\"false\" placeholder=\"Num\u0103rul meu de telefon este\" \/><\/span>\n            <\/div>\n<\/div>\n<div class=\"col-lg-12 col-md-12 col-sm-12 col-xs-12\">\n<div class=\"input-group\">\n                <button type=\"submit\" class=\"vc_general vc_btn3 vc_btn3-size-md  vc_btn3-style-flat vc_btn3-color-theme_style_1\" style=\" text-align: center; display: inline-block; color:#fff\">Trimite<\/button>\n            <\/div>\n<\/div>\n<\/div>\n<\/div>\n<div class=\"wpcf7-response-output\" aria-hidden=\"true\"><\/div><\/form><\/div>[\/vc_column_inner][\/vc_row_inner][stm_spacing lg_spacing=&#8221;100&#8243; md_spacing=&#8221;80&#8243; sm_spacing=&#8221;60&#8243; xs_spacing=&#8221;50&#8243;][\/vc_column][\/vc_row][vc_section full_width=&#8221;stretch_row&#8221; css=&#8221;.vc_custom_1623918906991{background-color: #07716f !important;}&#8221;][vc_row][vc_column][vc_empty_space height=&#8221;25px&#8221;][\/vc_column][\/vc_row][vc_row][vc_column width=&#8221;1\/4&#8243;][vc_empty_space height=&#8221;62px&#8221;][vc_custom_heading stripe_pos=&#8221;hide&#8221; text=&#8221;Avem \u00eencrederea:&#8221; font_container=&#8221;tag:h2|font_size:36px|text_align:center|color:%23ffffff|line_height:36px&#8221; use_theme_fonts=&#8221;yes&#8221; subtitle_color=&#8221;#ffffff&#8221;][\/vc_column][vc_column width=&#8221;3\/4&#8243;][stm_image_carousel style=&#8221;style_3&#8243; autoplay=&#8221;yes&#8221; items=&#8221;4&#8243; items_small_desktop=&#8221;4&#8243; images=&#8221;7162,7167,7170,7173,7176,7179,7188,7193,7196&#8243;][\/vc_column][\/vc_row][vc_row][vc_column][vc_empty_space height=&#8221;25px&#8221;][\/vc_column][\/vc_row][\/vc_section]<\/p>\n","protected":false},"excerpt":{"rendered":"<p>[vc_row full_width=&#8221;stretch_row&#8221; css=&#8221;.vc_custom_1624538483555{background-image: url(https:\/\/cadvegra.com\/wp-content\/uploads\/2021\/06\/head_cfm-2.jpg?id=7644) !important;background-position: center !important;background-repeat: no-repeat !important;background-size: cover !important;}&#8221;][vc_column css_animation=&#8221;fadeInLeft&#8221; width=&#8221;1\/2&#8243;][stm_spacing lg_spacing=&#8221;200&#8243; md_spacing=&#8221;280&#8243; sm_spacing=&#8221;240&#8243; xs_spacing=&#8221;200&#8243;][vc_custom_heading stripe_pos=&#8221;hide&#8221; text=&#8221;Servicii de consultan\u021b\u0103 \u00een managementul propriet\u0103\u021bilor imobiliare&#8221; font_container=&#8221;tag:h1|font_size:60|text_align:left|color:%23ffffff&#8221; use_theme_fonts=&#8221;yes&#8221;][vc_column_text] \u00cen multe cazuri, companiilor le este dificil s\u0103 \u00een\u021beleag\u0103 informa\u021biile oferite de furnizorii de servicii tehnice \u0219i de contractori sau s\u0103 aib\u0103 certitudinea c\u0103 acestea sunt corecte \u0219i<\/p>\n","protected":false},"author":1,"featured_media":0,"parent":0,"menu_order":0,"comment_status":"closed","ping_status":"closed","template":"","meta":[],"_links":{"self":[{"href":"https:\/\/cadvegra.com\/ro\/wp-json\/wp\/v2\/pages\/7867"}],"collection":[{"href":"https:\/\/cadvegra.com\/ro\/wp-json\/wp\/v2\/pages"}],"about":[{"href":"https:\/\/cadvegra.com\/ro\/wp-json\/wp\/v2\/types\/page"}],"author":[{"embeddable":true,"href":"https:\/\/cadvegra.com\/ro\/wp-json\/wp\/v2\/users\/1"}],"replies":[{"embeddable":true,"href":"https:\/\/cadvegra.com\/ro\/wp-json\/wp\/v2\/comments?post=7867"}],"version-history":[{"count":2,"href":"https:\/\/cadvegra.com\/ro\/wp-json\/wp\/v2\/pages\/7867\/revisions"}],"predecessor-version":[{"id":7926,"href":"https:\/\/cadvegra.com\/ro\/wp-json\/wp\/v2\/pages\/7867\/revisions\/7926"}],"wp:attachment":[{"href":"https:\/\/cadvegra.com\/ro\/wp-json\/wp\/v2\/media?parent=7867"}],"curies":[{"name":"wp","href":"https:\/\/api.w.org\/{rel}","templated":true}]}}